{"id":639,"date":"2022-02-05T02:37:54","date_gmt":"2022-02-05T02:37:54","guid":{"rendered":"http:\/\/fastwpdemo.com\/newwp\/immigo\/?page_id=639"},"modified":"2024-09-02T15:23:41","modified_gmt":"2024-09-02T18:23:41","slug":"blog","status":"publish","type":"page","link":"https:\/\/connectionaustralia.com\/en\/blog\/","title":{"rendered":"Blog"},"content":{"rendered":"\t\t<div data-elementor-type=\"wp-page\" data-elementor-id=\"639\" class=\"elementor elementor-639\" data-elementor-post-type=\"page\">\n\t\t\t\t\t\t<section class=\"elementor-section elementor-top-section elementor-element elementor-element-c71223a elementor-section-full_width elementor-section-height-default elementor-section-height-default\" data-id=\"c71223a\" data-element_type=\"section\">\n\t\t\t\t\t\t<div class=\"elementor-container elementor-column-gap-default\">\n\t\t\t\t\t<div class=\"elementor-column elementor-col-100 elementor-top-column elementor-element elementor-element-0072106\" data-id=\"0072106\" data-element_type=\"column\">\n\t\t\t<div class=\"elementor-widget-wrap elementor-element-populated\">\n\t\t\t\t\t\t<div class=\"elementor-element elementor-element-a2e800c elementor-widget elementor-widget-immigo_blog_three_col\" data-id=\"a2e800c\" data-element_type=\"widget\" data-widget_type=\"immigo_blog_three_col.default\">\n\t\t\t\t<div class=\"elementor-widget-container\">\n\t\t\t\n        <!-- news-section -->\n        <section class=\"news-section blog-three-column\">\n            <div class=\"auto-container\">\n                <div class=\"row clearfix\">\n                    \t\t\t\t\t<div class=\"col-lg-4 col-md-6 col-sm-12 news-block\">\n                        <div class=\"news-block-one wow fadeInUp animated\" data-wow-delay=\"00ms\" data-wow-duration=\"1500ms\">\n                            <div class=\"inner-box\">\n                                <div class=\"image-box\">\n                                    <h2>03<span>mar<\/span><\/h2>\n                                    <figure class=\"image\"><a href=\"https:\/\/connectionaustralia.com\/en\/qual-curso-escolher-na-minha-renovacao\/\"><img fetchpriority=\"high\" decoding=\"async\" width=\"200\" height=\"292\" src=\"https:\/\/connectionaustralia.com\/en\/wp-content\/uploads\/2025\/03\/Apresentacao-1-bate-papo-c-Bianca-200x292.png\" class=\"attachment-immigo_200x292 size-immigo_200x292 wp-post-image\" alt=\"\" \/><\/a><\/figure>\n                                <\/div>\n                                <div class=\"lower-content\">\n                                    <div class=\"author-box\">\n                                        <figure class=\"author-thumb\"><img alt='' src='https:\/\/secure.gravatar.com\/avatar\/c20d923e3859b917288633b4b1bc1ae75f044606df8ebfc8d31a5cc01423ba39?s=45&#038;d=mm&#038;r=g' srcset='https:\/\/secure.gravatar.com\/avatar\/c20d923e3859b917288633b4b1bc1ae75f044606df8ebfc8d31a5cc01423ba39?s=90&#038;d=mm&#038;r=g 2x' class='avatar avatar-45 photo' height='45' width='45' \/><\/figure>\n                                        <h6><a href=\"https:\/\/connectionaustralia.com\/en\/category\/australia\/\" rel=\"category tag\">Austr\u00e1lia<\/a> <a href=\"https:\/\/connectionaustralia.com\/en\/category\/renovacao\/\" rel=\"category tag\">Renova\u00e7\u00e3o<\/a><\/h6>                                        <span>Post By: root<\/span>\n                                    <\/div>\n                                    <h4><a href=\"https:\/\/connectionaustralia.com\/en\/qual-curso-escolher-na-minha-renovacao\/\">Qual curso escolher na minha renova\u00e7\u00e3o?<\/a><\/h4>\n                                    <p>A principal dica para uma renova\u00e7\u00e3o assertiva A gente sabe que o momento de renovar pode ser ...<\/p>\n                                    <div class=\"lower-box clearfix\">\n                                        <div class=\"link pull-left\"><a href=\"https:\/\/connectionaustralia.com\/en\/qual-curso-escolher-na-minha-renovacao\/\"><span>Read More<\/span><\/a><\/div>\n                                        <ul class=\"info clearfix pull-right\">\n                                            <li><i class=\"far fa-comment\"><\/i><a href=\"https:\/\/connectionaustralia.com\/en\/qual-curso-escolher-na-minha-renovacao\/#comments\">0 Comments<\/a><\/li>\n                                        <\/ul>\n                                    <\/div>\n                                <\/div>\n                            <\/div>\n                        <\/div>\n                    <\/div>\n\t\t\t\t\t\t\t\t\t\t<div class=\"col-lg-4 col-md-6 col-sm-12 news-block\">\n                        <div class=\"news-block-one wow fadeInUp animated\" data-wow-delay=\"00ms\" data-wow-duration=\"1500ms\">\n                            <div class=\"inner-box\">\n                                <div class=\"image-box\">\n                                    <h2>04<span>mar<\/span><\/h2>\n                                    <figure class=\"image\"><a href=\"https:\/\/connectionaustralia.com\/en\/curriculonaaustralia\/\"><img decoding=\"async\" width=\"200\" height=\"292\" src=\"https:\/\/connectionaustralia.com\/en\/wp-content\/uploads\/2022\/03\/markus-winkler-7iSEHWsxPLw-unsplash-1-1-200x292.jpg\" class=\"attachment-immigo_200x292 size-immigo_200x292 wp-post-image\" alt=\"\" \/><\/a><\/figure>\n                                <\/div>\n                                <div class=\"lower-content\">\n                                    <div class=\"author-box\">\n                                        <figure class=\"author-thumb\"><img alt='' src='https:\/\/secure.gravatar.com\/avatar\/c20d923e3859b917288633b4b1bc1ae75f044606df8ebfc8d31a5cc01423ba39?s=45&#038;d=mm&#038;r=g' srcset='https:\/\/secure.gravatar.com\/avatar\/c20d923e3859b917288633b4b1bc1ae75f044606df8ebfc8d31a5cc01423ba39?s=90&#038;d=mm&#038;r=g 2x' class='avatar avatar-45 photo' height='45' width='45' \/><\/figure>\n                                        <h6><a href=\"https:\/\/connectionaustralia.com\/en\/category\/australia\/\" rel=\"category tag\">Austr\u00e1lia<\/a><\/h6>                                        <span>Post By: root<\/span>\n                                    <\/div>\n                                    <h4><a href=\"https:\/\/connectionaustralia.com\/en\/curriculonaaustralia\/\">Como preparar um curr\u00edculo em ingl\u00eas para trabalhar na Austr\u00e1lia<\/a><\/h4>\n                                    <p>Como preparar um curr\u00edculo em ingl\u00eas para trabalhar na Austr\u00e1lia Ter um curr\u00edculo bem feito em ingl\u00eas ...<\/p>\n                                    <div class=\"lower-box clearfix\">\n                                        <div class=\"link pull-left\"><a href=\"https:\/\/connectionaustralia.com\/en\/curriculonaaustralia\/\"><span>Read More<\/span><\/a><\/div>\n                                        <ul class=\"info clearfix pull-right\">\n                                            <li><i class=\"far fa-comment\"><\/i><a href=\"https:\/\/connectionaustralia.com\/en\/curriculonaaustralia\/#comments\">0 Comments<\/a><\/li>\n                                        <\/ul>\n                                    <\/div>\n                                <\/div>\n                            <\/div>\n                        <\/div>\n                    <\/div>\n\t\t\t\t\t\t\t\t\t\t<div class=\"col-lg-4 col-md-6 col-sm-12 news-block\">\n                        <div class=\"news-block-one wow fadeInUp animated\" data-wow-delay=\"00ms\" data-wow-duration=\"1500ms\">\n                            <div class=\"inner-box\">\n                                <div class=\"image-box\">\n                                    <h2>03<span>fev<\/span><\/h2>\n                                    <figure class=\"image\"><a href=\"https:\/\/connectionaustralia.com\/en\/three-common-mistakes-in-visa-applications\/\"><img loading=\"lazy\" decoding=\"async\" width=\"200\" height=\"292\" src=\"https:\/\/connectionaustralia.com\/en\/wp-content\/uploads\/2022\/02\/news-11-200x292.jpg\" class=\"attachment-immigo_200x292 size-immigo_200x292 wp-post-image\" alt=\"\" \/><\/a><\/figure>\n                                <\/div>\n                                <div class=\"lower-content\">\n                                    <div class=\"author-box\">\n                                        <figure class=\"author-thumb\"><img alt='' src='https:\/\/secure.gravatar.com\/avatar\/c20d923e3859b917288633b4b1bc1ae75f044606df8ebfc8d31a5cc01423ba39?s=45&#038;d=mm&#038;r=g' srcset='https:\/\/secure.gravatar.com\/avatar\/c20d923e3859b917288633b4b1bc1ae75f044606df8ebfc8d31a5cc01423ba39?s=90&#038;d=mm&#038;r=g 2x' class='avatar avatar-45 photo' height='45' width='45' \/><\/figure>\n                                        <h6><a href=\"https:\/\/connectionaustralia.com\/en\/category\/irlanda\/\" rel=\"category tag\">Irlanda<\/a><\/h6>                                        <span>Post By: root<\/span>\n                                    <\/div>\n                                    <h4><a href=\"https:\/\/connectionaustralia.com\/en\/three-common-mistakes-in-visa-applications\/\">Three Common Mistakes in Visa Applications<\/a><\/h4>\n                                    <p>Laborious physical exercise excepts obtain some advantage from in which toil and pain procure him some great ...<\/p>\n                                    <div class=\"lower-box clearfix\">\n                                        <div class=\"link pull-left\"><a href=\"https:\/\/connectionaustralia.com\/en\/three-common-mistakes-in-visa-applications\/\"><span>Read More<\/span><\/a><\/div>\n                                        <ul class=\"info clearfix pull-right\">\n                                            <li><i class=\"far fa-comment\"><\/i><a href=\"https:\/\/connectionaustralia.com\/en\/three-common-mistakes-in-visa-applications\/#comments\">0 Comments<\/a><\/li>\n                                        <\/ul>\n                                    <\/div>\n                                <\/div>\n                            <\/div>\n                        <\/div>\n                    <\/div>\n\t\t\t\t\t                <\/div>\n                                <div class=\"pagination-wrapper centred clearfix\">\n                                    <\/div>\n                            <\/div>\n        <\/section>\n        <!-- news-section end -->\n    \n\t\t\t<\/div>\n\t\t\t\t<\/div>\n\t\t\t\t\t<\/div>\n\t\t<\/div>\n\t\t\t\t\t<\/div>\n\t\t<\/section>\n\t\t\t\t<\/div>\n\t\t","protected":false},"excerpt":{"rendered":"<p>04Mar Immigration Post By: admin Project concepts or related queries should be Nemo ipsam egestas volute turpis dolores and aliquam quaerat in which toil and pain procure him some &#8230; Read More 0 Comments 05Feb Immigration Post By: admin Covid-19 And Its Impact On UK Immigration Indignation and dislike men who are beguiled and demoralized [&hellip;]<\/p>\n","protected":false},"author":1,"featured_media":0,"parent":0,"menu_order":0,"comment_status":"closed","ping_status":"closed","template":"tpl-default-elementor.php","meta":{"footnotes":""},"class_list":["post-639","page","type-page","status-publish","hentry"],"_links":{"self":[{"href":"https:\/\/connectionaustralia.com\/en\/wp-json\/wp\/v2\/pages\/639","targetHints":{"allow":["GET"]}}],"collection":[{"href":"https:\/\/connectionaustralia.com\/en\/wp-json\/wp\/v2\/pages"}],"about":[{"href":"https:\/\/connectionaustralia.com\/en\/wp-json\/wp\/v2\/types\/page"}],"author":[{"embeddable":true,"href":"https:\/\/connectionaustralia.com\/en\/wp-json\/wp\/v2\/users\/1"}],"replies":[{"embeddable":true,"href":"https:\/\/connectionaustralia.com\/en\/wp-json\/wp\/v2\/comments?post=639"}],"version-history":[{"count":2,"href":"https:\/\/connectionaustralia.com\/en\/wp-json\/wp\/v2\/pages\/639\/revisions"}],"predecessor-version":[{"id":2419,"href":"https:\/\/connectionaustralia.com\/en\/wp-json\/wp\/v2\/pages\/639\/revisions\/2419"}],"wp:attachment":[{"href":"https:\/\/connectionaustralia.com\/en\/wp-json\/wp\/v2\/media?parent=639"}],"curies":[{"name":"wp","href":"https:\/\/api.w.org\/{rel}","templated":true}]}}