{"id":332,"date":"2022-02-04T03:43:23","date_gmt":"2022-02-04T03:43:23","guid":{"rendered":"http:\/\/fastwpdemo.com\/newwp\/immigo\/?page_id=332"},"modified":"2025-11-05T20:57:26","modified_gmt":"2025-11-05T23:57:26","slug":"about","status":"publish","type":"page","link":"https:\/\/connectionaustralia.com\/en\/about\/","title":{"rendered":"Sobre a gente"},"content":{"rendered":"\t\t<div data-elementor-type=\"wp-page\" data-elementor-id=\"332\" class=\"elementor elementor-332\" data-elementor-post-type=\"page\">\n\t\t\t\t\t\t<section class=\"elementor-section elementor-top-section elementor-element elementor-element-93e4ec8 elementor-section-full_width elementor-section-height-default elementor-section-height-default\" data-id=\"93e4ec8\" data-element_type=\"section\">\n\t\t\t\t\t\t<div class=\"elementor-container elementor-column-gap-default\">\n\t\t\t\t\t<div class=\"elementor-column elementor-col-100 elementor-top-column elementor-element elementor-element-52ddf46\" data-id=\"52ddf46\" data-element_type=\"column\">\n\t\t\t<div class=\"elementor-widget-wrap elementor-element-populated\">\n\t\t\t\t\t\t<div class=\"elementor-element elementor-element-ecc750d elementor-widget elementor-widget-immigo_why_choose_us_v2\" data-id=\"ecc750d\" data-element_type=\"widget\" data-widget_type=\"immigo_why_choose_us_v2.default\">\n\t\t\t\t<div class=\"elementor-widget-container\">\n\t\t\t\t\t\n\t<!-- chooseus-style-two -->\n\t<section class=\"chooseus-style-two bg-color-1\">\n\t\t\t\t<div class=\"pattern-layer\" style=\"background-image: url(https:\/\/connectionaustralia.com\/en\/wp-content\/themes\/immigo\/assets\/images\/shape\/shape-14.png);\"><\/div>\n\t\t\t\t\t\t<figure class=\"image-layer\"><img decoding=\"async\" src=\"https:\/\/connectionaustralia.com\/en\/wp-content\/uploads\/2024\/12\/Connection-Feed-4-e1733408499624.png\" alt=\"Awesome Image\"><\/figure>\n\t\t\t\t<div class=\"auto-container\">\n\t\t\t<div class=\"row clearfix\">\n\t\t\t\t<div class=\"col-xl-9 col-lg-12 col-md-12 content-column offset-xl-3\">\n\t\t\t\t\t<div class=\"content-box\">\n\t\t\t\t\t\t\t\t\t\t\t\t<div class=\"sec-title\">\n\t\t\t\t\t\t\t<h6>Por que a Connection?<\/h6>\t\t\t\t\t\t\t<h2>16 anos de suporte em todas as etapas<\/h2>\t\t\t\t\t\t\t<p>A Connection \u00e9 respons\u00e1vel por todas as etapas, desde o suporte nas decis\u00f5es, passando pela aplica\u00e7\u00e3o do visto, das orienta\u00e7\u00f5es pr\u00e9-embarque, e claro, da sua chegada e estadia no destino!<\/p>\t\t\t\t\t\t<\/div>\n\t\t\t\t\t\t\t\t\t\t\t\t<div class=\"inner-box\">\n\t\t\t\t\t\t\t<div class=\"row clearfix\">\n\t\t\t\t\t\t\t\t\t\t\t\t\t\t\t\t<div class=\"col-lg-6 col-md-6 col-sm-12 single-column\">\n\t\t\t\t\t\t\t\t\t<div class=\"single-item wow fadeInLeft animated\" data-wow-delay=\"00ms\" data-wow-duration=\"1500ms\">\n\t\t\t\t\t\t\t\t\t\t<div class=\"icon-box\"><img decoding=\"async\" src=\"https:\/\/connectionaustralia.com\/en\/wp-content\/uploads\/2022\/03\/job-interview-1.svg\" alt=\"Awesome Image\"><\/div>\t\t\t\t\t\t\t\t\t\t<h4>Decis\u00f5es assertivas<\/h4>\t\t\t\t\t\t\t\t\t\t<p>Suporte para decidir o oa\u00eds, cidade, escola que mais combinam com seus objetivos. Conte com a gente desde seu primeiro contato!<\/p>\t\t\t\t\t\t\t\t\t<\/div>\n\t\t\t\t\t\t\t\t<\/div>\n\t\t\t\t\t\t\t\t\t\t\t\t\t\t\t\t<div class=\"col-lg-6 col-md-6 col-sm-12 single-column\">\n\t\t\t\t\t\t\t\t\t<div class=\"single-item wow fadeInLeft animated\" data-wow-delay=\"00ms\" data-wow-duration=\"1500ms\">\n\t\t\t\t\t\t\t\t\t\t<div class=\"icon-box\"><img decoding=\"async\" src=\"https:\/\/connectionaustralia.com\/en\/wp-content\/uploads\/2022\/03\/receipt-1.svg\" alt=\"Awesome Image\"><\/div>\t\t\t\t\t\t\t\t\t\t<h4>Matr\u00edcula Flex\u00edvel<\/h4>\t\t\t\t\t\t\t\t\t\t<p>Seguindo as orineta\u00e7\u00f5es das escolas, n\u00e3o cobramos nada para voc\u00ea garantir sua matr\u00edcula, mesmo embarcando daqui 1 ano e meio.<\/p>\t\t\t\t\t\t\t\t\t<\/div>\n\t\t\t\t\t\t\t\t<\/div>\n\t\t\t\t\t\t\t\t\t\t\t\t\t\t\t\t<div class=\"col-lg-6 col-md-6 col-sm-12 single-column\">\n\t\t\t\t\t\t\t\t\t<div class=\"single-item wow fadeInLeft animated\" data-wow-delay=\"00ms\" data-wow-duration=\"1500ms\">\n\t\t\t\t\t\t\t\t\t\t<div class=\"icon-box\"><img decoding=\"async\" src=\"https:\/\/connectionaustralia.com\/en\/wp-content\/uploads\/2022\/03\/worldwide-1.svg\" alt=\"Awesome Image\"><\/div>\t\t\t\t\t\t\t\t\t\t<h4>Agende sua consultoria sem custo<\/h4>\t\t\t\t\t\t\t\t\t\t<p>N\u00f3s fazemos quest\u00e3o de conhecer voc\u00ea, para poder guiar da melhor formal. do in\u00edcio ao fim da sua experi\u00eancia. Agende um bate-papo para entender como vamos facilitar todos os seus passos!<\/p>\t\t\t\t\t\t\t\t\t<\/div>\n\t\t\t\t\t\t\t\t<\/div>\n\t\t\t\t\t\t\t\t\t\t\t\t\t\t\t\t<div class=\"col-lg-6 col-md-6 col-sm-12 single-column\">\n\t\t\t\t\t\t\t\t\t<div class=\"single-item wow fadeInLeft animated\" data-wow-delay=\"00ms\" data-wow-duration=\"1500ms\">\n\t\t\t\t\t\t\t\t\t\t<div class=\"icon-box\"><img decoding=\"async\" src=\"https:\/\/connectionaustralia.com\/en\/wp-content\/uploads\/2022\/03\/high-five-1.svg\" alt=\"Awesome Image\"><\/div>\t\t\t\t\t\t\t\t\t\t<h4>An\u00e1lise de Perfil<\/h4>\t\t\t\t\t\t\t\t\t\t<p>Orienta\u00e7\u00f5es sem custo para aumentar sua chances de garantir a aprova\u00e7\u00e3o do visto e de fato, realizar seu sonho!<\/p>\t\t\t\t\t\t\t\t\t<\/div>\n\t\t\t\t\t\t\t\t<\/div>\n\t\t\t\t\t\t\t\t\t\t\t\t\t\t\t\t<div class=\"col-lg-6 col-md-6 col-sm-12 single-column\">\n\t\t\t\t\t\t\t\t\t<div class=\"single-item wow fadeInLeft animated\" data-wow-delay=\"00ms\" data-wow-duration=\"1500ms\">\n\t\t\t\t\t\t\t\t\t\t<div class=\"icon-box\"><img decoding=\"async\" src=\"https:\/\/connectionaustralia.com\/en\/wp-content\/uploads\/2022\/03\/video-call-1.svg\" alt=\"Awesome Image\"><\/div>\t\t\t\t\t\t\t\t\t\t<h4>Aplica\u00e7\u00e3o do visto<\/h4>\t\t\t\t\t\t\t\t\t\t<p>Nosso time \u00e9 especialista na aplica\u00e7\u00e3o do visto! Conte com a gente em todas as etapas, inclusive na mais decisiva para voc\u00ea poder chegar no seu destino.<\/p>\t\t\t\t\t\t\t\t\t<\/div>\n\t\t\t\t\t\t\t\t<\/div>\n\t\t\t\t\t\t\t\t\t\t\t\t\t\t\t\t<div class=\"col-lg-6 col-md-6 col-sm-12 single-column\">\n\t\t\t\t\t\t\t\t\t<div class=\"single-item wow fadeInLeft animated\" data-wow-delay=\"00ms\" data-wow-duration=\"1500ms\">\n\t\t\t\t\t\t\t\t\t\t<div class=\"icon-box\"><img decoding=\"async\" src=\"https:\/\/connectionaustralia.com\/en\/wp-content\/uploads\/2022\/03\/support-1.svg\" alt=\"Awesome Image\"><\/div>\t\t\t\t\t\t\t\t\t\t<h4>Suporte completo <\/h4>\t\t\t\t\t\t\t\t\t\t<p>Suporte 24h nos escrit\u00f3rios do Brasil e da Terra dos Cangurus. Estamos ao seu lado do in\u00edcio ao fim da sua experi\u00eancia,, seja ela na AUS ou na IRL.<\/p>\t\t\t\t\t\t\t\t\t<\/div>\n\t\t\t\t\t\t\t\t<\/div>\n\t\t\t\t\t\t\t\t\t\t\t\t\t\t\t<\/div>\n\t\t\t\t\t\t<\/div>\n\t\t\t\t\t<\/div>\n\t\t\t\t<\/div>\n\t\t\t<\/div>\n\t\t<\/div>\n\t<\/section>\n\t<!-- chooseus-style-two end -->\n                \n    \t\t<\/div>\n\t\t\t\t<\/div>\n\t\t\t\t\t<\/div>\n\t\t<\/div>\n\t\t\t\t\t<\/div>\n\t\t<\/section>\n\t\t\t\t<section class=\"elementor-section elementor-top-section elementor-element elementor-element-56341f9 elementor-section-full_width elementor-section-height-default elementor-section-height-default\" data-id=\"56341f9\" data-element_type=\"section\">\n\t\t\t\t\t\t<div class=\"elementor-container elementor-column-gap-default\">\n\t\t\t\t\t<div class=\"elementor-column elementor-col-100 elementor-top-column elementor-element elementor-element-534504a\" data-id=\"534504a\" data-element_type=\"column\">\n\t\t\t<div class=\"elementor-widget-wrap elementor-element-populated\">\n\t\t\t\t\t\t<div class=\"elementor-element elementor-element-69843b3 elementor-widget elementor-widget-heading\" data-id=\"69843b3\" data-element_type=\"widget\" data-widget_type=\"heading.default\">\n\t\t\t\t<div class=\"elementor-widget-container\">\n\t\t\t<style>\/*! elementor - v3.21.0 - 15-04-2024 *\/\n.elementor-heading-title{padding:0;margin:0;line-height:1}.elementor-widget-heading .elementor-heading-title[class*=elementor-size-]>a{color:inherit;font-size:inherit;line-height:inherit}.elementor-widget-heading .elementor-heading-title.elementor-size-small{font-size:15px}.elementor-widget-heading .elementor-heading-title.elementor-size-medium{font-size:19px}.elementor-widget-heading .elementor-heading-title.elementor-size-large{font-size:29px}.elementor-widget-heading .elementor-heading-title.elementor-size-xl{font-size:39px}.elementor-widget-heading .elementor-heading-title.elementor-size-xxl{font-size:59px}<\/style><h2 class=\"elementor-heading-title elementor-size-default\">Conhe\u00e7a a Connection e como vamos facilitar todos os passos do seu Interc\u00e2mbio! <br><br><br><i>D\u00e1 o play aqui: <\/i><\/h2>\t\t<\/div>\n\t\t\t\t<\/div>\n\t\t\t\t\t<\/div>\n\t\t<\/div>\n\t\t\t\t\t<\/div>\n\t\t<\/section>\n\t\t\t\t<section class=\"elementor-section elementor-top-section elementor-element elementor-element-6d0942b elementor-section-boxed elementor-section-height-default elementor-section-height-default\" data-id=\"6d0942b\" data-element_type=\"section\">\n\t\t\t\t\t\t<div class=\"elementor-container elementor-column-gap-default\">\n\t\t\t\t\t<div class=\"elementor-column elementor-col-100 elementor-top-column elementor-element elementor-element-f22739d\" data-id=\"f22739d\" data-element_type=\"column\">\n\t\t\t<div class=\"elementor-widget-wrap elementor-element-populated\">\n\t\t\t\t\t\t<div class=\"elementor-element elementor-element-3889465 elementor-widget__width-initial elementor-widget elementor-widget-video\" data-id=\"3889465\" data-element_type=\"widget\" data-settings=\"{&quot;youtube_url&quot;:&quot;https:\\\/\\\/youtu.be\\\/1rGjks7hkOo&quot;,&quot;video_type&quot;:&quot;youtube&quot;,&quot;controls&quot;:&quot;yes&quot;}\" data-widget_type=\"video.default\">\n\t\t\t\t<div class=\"elementor-widget-container\">\n\t\t\t<style>\/*! elementor - v3.21.0 - 15-04-2024 *\/\n.elementor-widget-video .elementor-widget-container{overflow:hidden;transform:translateZ(0)}.elementor-widget-video .elementor-wrapper{aspect-ratio:var(--video-aspect-ratio)}.elementor-widget-video .elementor-wrapper iframe,.elementor-widget-video .elementor-wrapper video{height:100%;width:100%;display:flex;border:none;background-color:#000}@supports not (aspect-ratio:1\/1){.elementor-widget-video .elementor-wrapper{position:relative;overflow:hidden;height:0;padding-bottom:calc(100% \/ var(--video-aspect-ratio))}.elementor-widget-video .elementor-wrapper iframe,.elementor-widget-video .elementor-wrapper video{position:absolute;top:0;right:0;bottom:0;left:0}}.elementor-widget-video .elementor-open-inline .elementor-custom-embed-image-overlay{position:absolute;top:0;right:0;bottom:0;left:0;background-size:cover;background-position:50%}.elementor-widget-video .elementor-custom-embed-image-overlay{cursor:pointer;text-align:center}.elementor-widget-video .elementor-custom-embed-image-overlay:hover .elementor-custom-embed-play i{opacity:1}.elementor-widget-video .elementor-custom-embed-image-overlay img{display:block;width:100%;aspect-ratio:var(--video-aspect-ratio);-o-object-fit:cover;object-fit:cover;-o-object-position:center center;object-position:center center}@supports not (aspect-ratio:1\/1){.elementor-widget-video .elementor-custom-embed-image-overlay{position:relative;overflow:hidden;height:0;padding-bottom:calc(100% \/ var(--video-aspect-ratio))}.elementor-widget-video .elementor-custom-embed-image-overlay img{position:absolute;top:0;right:0;bottom:0;left:0}}.elementor-widget-video .e-hosted-video .elementor-video{-o-object-fit:cover;object-fit:cover}.e-con-inner>.elementor-widget-video,.e-con>.elementor-widget-video{width:var(--container-widget-width);--flex-grow:var(--container-widget-flex-grow)}<\/style>\t\t<div class=\"elementor-wrapper elementor-open-inline\">\n\t\t\t<div class=\"elementor-video\"><\/div>\t\t<\/div>\n\t\t\t\t<\/div>\n\t\t\t\t<\/div>\n\t\t\t\t\t<\/div>\n\t\t<\/div>\n\t\t\t\t\t<\/div>\n\t\t<\/section>\n\t\t\t\t<\/div>\n\t\t","protected":false},"excerpt":{"rendered":"<p>Por que a Connection? 16 anos de suporte em todas as etapas A Connection \u00e9 respons\u00e1vel por todas as etapas, desde o suporte nas decis\u00f5es, passando pela aplica\u00e7\u00e3o do visto, das orienta\u00e7\u00f5es pr\u00e9-embarque, e claro, da sua chegada e estadia no destino! Decis\u00f5es assertivas Suporte para decidir o oa\u00eds, cidade, escola que mais combinam com [&hellip;]<\/p>\n","protected":false},"author":1,"featured_media":0,"parent":0,"menu_order":0,"comment_status":"closed","ping_status":"closed","template":"tpl-default-elementor.php","meta":{"footnotes":""},"class_list":["post-332","page","type-page","status-publish","hentry"],"_links":{"self":[{"href":"https:\/\/connectionaustralia.com\/en\/wp-json\/wp\/v2\/pages\/332","targetHints":{"allow":["GET"]}}],"collection":[{"href":"https:\/\/connectionaustralia.com\/en\/wp-json\/wp\/v2\/pages"}],"about":[{"href":"https:\/\/connectionaustralia.com\/en\/wp-json\/wp\/v2\/types\/page"}],"author":[{"embeddable":true,"href":"https:\/\/connectionaustralia.com\/en\/wp-json\/wp\/v2\/users\/1"}],"replies":[{"embeddable":true,"href":"https:\/\/connectionaustralia.com\/en\/wp-json\/wp\/v2\/comments?post=332"}],"version-history":[{"count":54,"href":"https:\/\/connectionaustralia.com\/en\/wp-json\/wp\/v2\/pages\/332\/revisions"}],"predecessor-version":[{"id":4110,"href":"https:\/\/connectionaustralia.com\/en\/wp-json\/wp\/v2\/pages\/332\/revisions\/4110"}],"wp:attachment":[{"href":"https:\/\/connectionaustralia.com\/en\/wp-json\/wp\/v2\/media?parent=332"}],"curies":[{"name":"wp","href":"https:\/\/api.w.org\/{rel}","templated":true}]}}