{"id":352,"date":"2022-02-04T03:59:05","date_gmt":"2022-02-04T03:59:05","guid":{"rendered":"http:\/\/fastwpdemo.com\/newwp\/immigo\/?page_id=352"},"modified":"2025-02-26T17:56:00","modified_gmt":"2025-02-26T20:56:00","slug":"renovacao-australia","status":"publish","type":"page","link":"https:\/\/connectionaustralia.com\/br\/renovacao-australia\/","title":{"rendered":"Renova\u00e7\u00e3o Austr\u00e1lia"},"content":{"rendered":"\t\t<div data-elementor-type=\"wp-page\" data-elementor-id=\"352\" class=\"elementor elementor-352\" data-elementor-post-type=\"page\">\n\t\t\t\t\t\t<section class=\"elementor-section elementor-top-section elementor-element elementor-element-ef344a0 elementor-section-boxed elementor-section-height-default elementor-section-height-default\" data-id=\"ef344a0\" data-element_type=\"section\">\n\t\t\t\t\t\t<div class=\"elementor-container elementor-column-gap-default\">\n\t\t\t\t\t<div class=\"elementor-column elementor-col-100 elementor-top-column elementor-element elementor-element-72dbc69\" data-id=\"72dbc69\" data-element_type=\"column\">\n\t\t\t<div class=\"elementor-widget-wrap elementor-element-populated\">\n\t\t\t\t\t\t<section class=\"elementor-section elementor-inner-section elementor-element elementor-element-d505cf4 elementor-section-boxed elementor-section-height-default elementor-section-height-default\" data-id=\"d505cf4\" data-element_type=\"section\">\n\t\t\t\t\t\t<div class=\"elementor-container elementor-column-gap-default\">\n\t\t\t\t\t<div class=\"elementor-column elementor-col-50 elementor-inner-column elementor-element elementor-element-ba9191d\" data-id=\"ba9191d\" data-element_type=\"column\">\n\t\t\t<div class=\"elementor-widget-wrap elementor-element-populated\">\n\t\t\t\t\t\t<div class=\"elementor-element elementor-element-c5917d5 elementor-widget elementor-widget-image\" data-id=\"c5917d5\" data-element_type=\"widget\" data-widget_type=\"image.default\">\n\t\t\t\t<div class=\"elementor-widget-container\">\n\t\t\t<style>\/*! elementor - v3.21.0 - 15-04-2024 *\/\n.elementor-widget-image{text-align:center}.elementor-widget-image a{display:inline-block}.elementor-widget-image a img[src$=\".svg\"]{width:48px}.elementor-widget-image img{vertical-align:middle;display:inline-block}<\/style>\t\t\t\t\t\t\t\t\t\t<img fetchpriority=\"high\" decoding=\"async\" width=\"525\" height=\"604\" src=\"https:\/\/connectionaustralia.com\/br\/wp-content\/uploads\/2024\/11\/WhatsApp-Image-2024-11-18-at-17.46.56-e1731962898514-890x1024.jpeg\" class=\"attachment-large size-large wp-image-2455\" alt=\"\" \/>\t\t\t\t\t\t\t\t\t\t\t\t\t<\/div>\n\t\t\t\t<\/div>\n\t\t\t\t\t<\/div>\n\t\t<\/div>\n\t\t\t\t<div class=\"elementor-column elementor-col-50 elementor-inner-column elementor-element elementor-element-c97864f\" data-id=\"c97864f\" data-element_type=\"column\">\n\t\t\t<div class=\"elementor-widget-wrap elementor-element-populated\">\n\t\t\t\t\t\t<div class=\"elementor-element elementor-element-0a387dc elementor-widget elementor-widget-heading\" data-id=\"0a387dc\" data-element_type=\"widget\" data-widget_type=\"heading.default\">\n\t\t\t\t<div class=\"elementor-widget-container\">\n\t\t\t<style>\/*! elementor - v3.21.0 - 15-04-2024 *\/\n.elementor-heading-title{padding:0;margin:0;line-height:1}.elementor-widget-heading .elementor-heading-title[class*=elementor-size-]>a{color:inherit;font-size:inherit;line-height:inherit}.elementor-widget-heading .elementor-heading-title.elementor-size-small{font-size:15px}.elementor-widget-heading .elementor-heading-title.elementor-size-medium{font-size:19px}.elementor-widget-heading .elementor-heading-title.elementor-size-large{font-size:29px}.elementor-widget-heading .elementor-heading-title.elementor-size-xl{font-size:39px}.elementor-widget-heading .elementor-heading-title.elementor-size-xxl{font-size:59px}<\/style><h2 class=\"elementor-heading-title elementor-size-default\">Renova\u00e7\u00e3o estrat\u00e9gica por um time especialista na aplica\u00e7\u00e3o de visto<\/h2>\t\t<\/div>\n\t\t\t\t<\/div>\n\t\t\t\t<div class=\"elementor-element elementor-element-6995d7d elementor-widget elementor-widget-text-editor\" data-id=\"6995d7d\" data-element_type=\"widget\" data-widget_type=\"text-editor.default\">\n\t\t\t\t<div class=\"elementor-widget-container\">\n\t\t\t<style>\/*! elementor - v3.21.0 - 15-04-2024 *\/\n.elementor-widget-text-editor.elementor-drop-cap-view-stacked .elementor-drop-cap{background-color:#69727d;color:#fff}.elementor-widget-text-editor.elementor-drop-cap-view-framed .elementor-drop-cap{color:#69727d;border:3px solid;background-color:transparent}.elementor-widget-text-editor:not(.elementor-drop-cap-view-default) .elementor-drop-cap{margin-top:8px}.elementor-widget-text-editor:not(.elementor-drop-cap-view-default) .elementor-drop-cap-letter{width:1em;height:1em}.elementor-widget-text-editor .elementor-drop-cap{float:left;text-align:center;line-height:1;font-size:50px}.elementor-widget-text-editor .elementor-drop-cap-letter{display:inline-block}<\/style>\t\t\t\t<p>Nosso time nasceu na Austr\u00e1lia, ou seja, com as nossas orienta\u00e7\u00f5es e todo nosso conhecimento de mais de 15 anos de Connection, voc\u00ea contar\u00e1 com um time especialista na aplica\u00e7\u00e3o do seu visto, al\u00e9m de ter um suporte completo.<\/p><p>Entenda como vamos facilitar sua estadia na Terra dos Cangurus:<\/p><ul class=\"list clearfix\"><li>Suporte nas decis\u00f5es para aumentar suas chances de visto aprovado<\/li><li>Garantia dos valores atuais e da vaga sem custo ou entrada.<\/li><li>Toda aplica\u00e7\u00e3o do visto feita pelo nosso time, sem custos extras.<\/li><li>Asssit\u00eancia di\u00e1ria com sua institui\u00e7\u00e3o de ensino, com a seguradora de sa\u00fade.<\/li><li>Somos a ponte entre voc\u00ea a imigra\u00e7\u00e3o em todos os seus momentos na Austr\u00e1lia.<\/li><li>Zero taxas de servi\u00e7o pelo suporte completo!<\/li><\/ul>\t\t\t\t\t\t<\/div>\n\t\t\t\t<\/div>\n\t\t\t\t\t<\/div>\n\t\t<\/div>\n\t\t\t\t\t<\/div>\n\t\t<\/section>\n\t\t\t\t\t<\/div>\n\t\t<\/div>\n\t\t\t\t\t<\/div>\n\t\t<\/section>\n\t\t\t\t<section class=\"elementor-section elementor-top-section elementor-element elementor-element-82a4bdf elementor-section-full_width elementor-section-height-default elementor-section-height-default\" data-id=\"82a4bdf\" data-element_type=\"section\">\n\t\t\t\t\t\t<div class=\"elementor-container elementor-column-gap-default\">\n\t\t\t\t\t<div class=\"elementor-column elementor-col-100 elementor-top-column elementor-element elementor-element-279c158\" data-id=\"279c158\" data-element_type=\"column\">\n\t\t\t<div class=\"elementor-widget-wrap elementor-element-populated\">\n\t\t\t\t\t\t<div class=\"elementor-element elementor-element-f743f86 elementor-widget elementor-widget-conn_tabs\" data-id=\"f743f86\" data-element_type=\"widget\" data-widget_type=\"conn_tabs.default\">\n\t\t\t\t<div class=\"elementor-widget-container\">\n\t\t\t\n\t <!-- countries-details -->\n\t\t<div class=\"auto-container\">\n\t\t\t<div class=\"row clearfix\">\n\t\t\t\t<div class=\"col-lg-12 col-md-12 col-sm-12 content-side\">\n\t\t\t\t\t<div class=\"countries-details-content\">\n\t\t\t\t\t\t<div class=\"content-two\">\n\t\t\t\t\t\t\t<div class=\"upper-text\">\n\t\t\t\t\t\t\t\t<h2>Quais os passos para a minha renova\u00e7\u00e3o?<\/h2>\t\t\t\t\t\t\t\t<p> Lembre-se que quanto antes voc\u00ea entrar em contato e ter nosso suporte para decidir o melhor curso para os seus objetivos, mais tranquilo ser\u00e1 o seu processo de renova\u00e7\u00e3o. Conte com nosso suporte especializado em Austr\u00e1lia, ao longo de toda sua trajet\u00f3ria de estudos por aqui!\n<\/p>\t\t\t\t\t\t\t<\/div>\n\t\t\t\t\t\t\t<div class=\"tabs-box\">\n\t\t\t\t\t\t\t\t<div class=\"row clearfix\">\n\t\t\t\t\t\t\t\t\t<div class=\"col-lg-4 col-md-12 col-sm-12 left-column\">\n\t\t\t\t\t\t\t\t\t\t<div class=\"tab-btn-box\">\n\t\t\t\t\t\t\t\t\t\t\t<ul class=\"tab-btns tab-buttons clearfix\">\n\t\t\t\t\t\t\t\t\t\t\t\t\t\t\t\t\t\t\t\t\t\t\t\t<li class=\"tab-btn \" data-tab=\"#tabs-0\">\n\t\t\t\t\t\t\t\t\t\t\t\t\t<div class=\"icon-box\"><i class=\"icon flaticon-document\"><\/i><\/div>\n\t\t\t\t\t\t\t\t\t\t\t\t\t<h6>Curso<\/h6>\t\t\t\t\t\t\t\t\t\t\t\t\t<p>Mais tempo de ingl\u00eas? Qual curso Vet eu fa\u00e7o? J\u00e1 vou para uma gradua\u00e7\u00e3o?<\/p>\t\t\t\t\t\t\t\t\t\t\t\t<\/li>\n\t\t\t\t\t\t\t\t\t\t\t\t\t\t\t\t\t\t\t\t\t\t\t\t<li class=\"tab-btn active-btn\" data-tab=\"#tabs-1\">\n\t\t\t\t\t\t\t\t\t\t\t\t\t<div class=\"icon-box\"><i class=\"fa fa-certificate\"><\/i><\/div>\n\t\t\t\t\t\t\t\t\t\t\t\t\t<h6>Matr\u00edcula flex\u00edvel<\/h6>\t\t\t\t\t\t\t\t\t\t\t\t\t<p>Voc\u00ea n\u00e3o precisa pagar nada garantir sua vaga no curso e os valores atuais!<\/p>\t\t\t\t\t\t\t\t\t\t\t\t<\/li>\n\t\t\t\t\t\t\t\t\t\t\t\t\t\t\t\t\t\t\t\t\t\t\t\t<li class=\"tab-btn \" data-tab=\"#tabs-2\">\n\t\t\t\t\t\t\t\t\t\t\t\t\t<div class=\"icon-box\"><i class=\"icon flaticon-open-book-1\"><\/i><\/div>\n\t\t\t\t\t\t\t\t\t\t\t\t\t<h6>Visto de estudos<\/h6>\t\t\t\t\t\t\t\t\t\t\t\t\t<p>Conte com o nosso time especialista para aumentar suas chances de aprova\u00e7\u00e3o!<\/p>\t\t\t\t\t\t\t\t\t\t\t\t<\/li>\n\t\t\t\t\t\t\t\t\t\t\t\t\t\t\t\t\t\t\t\t\t\t\t\t<li class=\"tab-btn \" data-tab=\"#tabs-3\">\n\t\t\t\t\t\t\t\t\t\t\t\t\t<div class=\"icon-box\"><i class=\"fa fa-chevron-circle-down\"><\/i><\/div>\n\t\t\t\t\t\t\t\t\t\t\t\t\t<h6>Suporte completo<\/h6>\t\t\t\t\t\t\t\t\t\t\t\t\t<p>Conte com o nosso time especialista na aplica\u00e7\u00e3o<\/p>\t\t\t\t\t\t\t\t\t\t\t\t<\/li>\n\t\t\t\t\t\t\t\t\t\t\t\t\t\t\t\t\t\t\t\t\t\t\t<\/ul>\n\t\t\t\t\t\t\t\t\t\t<\/div>\n\t\t\t\t\t\t\t\t\t<\/div>\n\t\t\t\t\t\t\t\t\t<div class=\"col-lg-8 col-md-12 col-sm-12 right-column\">\n\t\t\t\t\t\t\t\t\t\t<div class=\"tabs-content\">\n\t\t\t\t\t\t\t\t\t\t\t\t\t\t\t\t\t\t\t\t\t\t<div class=\"tab \" id=\"tabs-0\">\n\t\t\t\t\t\t\t\t\t\t\t\t<div class=\"inner-box\">\n\t\t\t\t\t\t\t\t\t\t\t\t\t<h4>As decis\u00f5es ir\u00e3o guiar toda sua experi\u00eancia!<\/h4>\t\t\t\t\t\t\t\t\t\t\t\t\t\t\t\t\t\t\t\t\t\t\t\t\t\t<figure class=\"icon-box\"><img decoding=\"async\" src=\"https:\/\/connectionaustralia.com\/br\/wp-content\/uploads\/2024\/11\/Site-Connection-Aba-Australia.png\" alt=\"Awesome Image\"><\/figure>\t\t\t\t\t\t\t\t\t\t\t\t<\/div>\n\t\t\t\t\t\t\t\t\t\t\t<\/div>\n\t\t\t\t\t\t\t\t\t\t\t\t\t\t\t\t\t\t\t\t\t\t<div class=\"tab active-tab\" id=\"tabs-1\">\n\t\t\t\t\t\t\t\t\t\t\t\t<div class=\"inner-box\">\n\t\t\t\t\t\t\t\t\t\t\t\t\t<h4>Seguimos 100% os processos das escolas<\/h4>\t\t\t\t\t\t\t\t\t\t\t\t\t\t\t\t\t\t\t\t\t\t\t\t\t\t<figure class=\"icon-box\"><img decoding=\"async\" src=\"https:\/\/connectionaustralia.com\/br\/wp-content\/uploads\/2024\/11\/1o-passo-Apenas-um-documento-Com-ele-voce-garante-os-valores-atuais-das-escolas-sem-entrada-mesmo-viajando-daqui-1-ano-e-meio.png\" alt=\"Awesome Image\"><\/figure>\t\t\t\t\t\t\t\t\t\t\t\t<\/div>\n\t\t\t\t\t\t\t\t\t\t\t<\/div>\n\t\t\t\t\t\t\t\t\t\t\t\t\t\t\t\t\t\t\t\t\t\t<div class=\"tab \" id=\"tabs-2\">\n\t\t\t\t\t\t\t\t\t\t\t\t<div class=\"inner-box\">\n\t\t\t\t\t\t\t\t\t\t\t\t\t<h4>Etapa decisiva para a sua experi\u00eancia!<\/h4>\t\t\t\t\t\t\t\t\t\t\t\t\t<p>Sem o visto aprovado o estudante n\u00e3o embarca para Austr\u00e1lia. A melhor parte \u00e9 que toda etapa da aplica\u00e7\u00e3o tamb\u00e9m \u00e9 feita pelo nosso time, especialista em Austr\u00e1lia h\u00e1 15 anos. <\/p>\t\t\t\t\t\t\t\t\t\t\t\t\t<figure class=\"icon-box\"><img decoding=\"async\" src=\"https:\/\/connectionaustralia.com\/br\/wp-content\/uploads\/2024\/11\/1.png\" alt=\"Awesome Image\"><\/figure>\t\t\t\t\t\t\t\t\t\t\t\t<\/div>\n\t\t\t\t\t\t\t\t\t\t\t<\/div>\n\t\t\t\t\t\t\t\t\t\t\t\t\t\t\t\t\t\t\t\t\t\t<div class=\"tab \" id=\"tabs-3\">\n\t\t\t\t\t\t\t\t\t\t\t\t<div class=\"inner-box\">\n\t\t\t\t\t\t\t\t\t\t\t\t\t<h4>Free Consultation<\/h4>\t\t\t\t\t\t\t\t\t\t\t\t\t<p>Occur that pleasures have to be repudiated annoyances accepted wise man therefore always holds in these matters to this principle of selection he rejects pleasures to secure other greater pleasures he endures pains to avoid worse pains.<\/p>\t\t\t\t\t\t\t\t\t\t\t\t\t<figure class=\"icon-box\"><img decoding=\"async\" src=\"https:\/\/connectionaustralia.com\/br\/wp-content\/uploads\/2024\/11\/2.png\" alt=\"Awesome Image\"><\/figure>\t\t\t\t\t\t\t\t\t\t\t\t<\/div>\n\t\t\t\t\t\t\t\t\t\t\t<\/div>\n\t\t\t\t\t\t\t\t\t\t\t\t\t\t\t\t\t\t\t\t\t<\/div>\n\t\t\t\t\t\t\t\t\t<\/div>\n\t\t\t\t\t\t\t\t<\/div>\n\t\t\t\t\t\t\t<\/div>\n\t\t\t\t\t\t<\/div>\n\t\t\t\t\t<\/div>\n\t\t\t\t<\/div>\n\t\t\t<\/div>\n\t\t<\/div>\n\t<!-- countries-details end -->\n                \n    \t\t<\/div>\n\t\t\t\t<\/div>\n\t\t\t\t\t<\/div>\n\t\t<\/div>\n\t\t\t\t\t<\/div>\n\t\t<\/section>\n\t\t\t\t<section class=\"elementor-section elementor-top-section elementor-element elementor-element-d53c0c5 elementor-section-boxed elementor-section-height-default elementor-section-height-default\" data-id=\"d53c0c5\" data-element_type=\"section\">\n\t\t\t\t\t\t<div class=\"elementor-container elementor-column-gap-default\">\n\t\t\t\t\t<div class=\"elementor-column elementor-col-100 elementor-top-column elementor-element elementor-element-bb9c7c8\" data-id=\"bb9c7c8\" data-element_type=\"column\">\n\t\t\t<div class=\"elementor-widget-wrap elementor-element-populated\">\n\t\t\t\t\t\t<div class=\"elementor-element elementor-element-ec4efe8 elementor-widget elementor-widget-heading\" data-id=\"ec4efe8\" data-element_type=\"widget\" data-widget_type=\"heading.default\">\n\t\t\t\t<div class=\"elementor-widget-container\">\n\t\t\t<h2 class=\"elementor-heading-title elementor-size-default\"><i>Passo a Passo da Renova\u00e7\u00e3o Estrat\u00e9gica na Connection:<\/i><\/h2>\t\t<\/div>\n\t\t\t\t<\/div>\n\t\t\t\t\t<\/div>\n\t\t<\/div>\n\t\t\t\t\t<\/div>\n\t\t<\/section>\n\t\t\t\t<section class=\"elementor-section elementor-top-section elementor-element elementor-element-cb52316 elementor-section-boxed elementor-section-height-default elementor-section-height-default\" data-id=\"cb52316\" data-element_type=\"section\">\n\t\t\t\t\t\t<div class=\"elementor-container elementor-column-gap-default\">\n\t\t\t\t\t<div class=\"elementor-column elementor-col-100 elementor-top-column elementor-element elementor-element-929987b\" data-id=\"929987b\" data-element_type=\"column\">\n\t\t\t<div class=\"elementor-widget-wrap elementor-element-populated\">\n\t\t\t\t\t\t<div class=\"elementor-element elementor-element-636520e elementor-widget elementor-widget-video\" data-id=\"636520e\" data-element_type=\"widget\" data-settings=\"{&quot;youtube_url&quot;:&quot;https:\\\/\\\/www.youtube.com\\\/watch?v=1qc2co38yo4&quot;,&quot;video_type&quot;:&quot;youtube&quot;,&quot;controls&quot;:&quot;yes&quot;}\" data-widget_type=\"video.default\">\n\t\t\t\t<div class=\"elementor-widget-container\">\n\t\t\t<style>\/*! elementor - v3.21.0 - 15-04-2024 *\/\n.elementor-widget-video .elementor-widget-container{overflow:hidden;transform:translateZ(0)}.elementor-widget-video .elementor-wrapper{aspect-ratio:var(--video-aspect-ratio)}.elementor-widget-video .elementor-wrapper iframe,.elementor-widget-video .elementor-wrapper video{height:100%;width:100%;display:flex;border:none;background-color:#000}@supports not (aspect-ratio:1\/1){.elementor-widget-video .elementor-wrapper{position:relative;overflow:hidden;height:0;padding-bottom:calc(100% \/ var(--video-aspect-ratio))}.elementor-widget-video .elementor-wrapper iframe,.elementor-widget-video .elementor-wrapper video{position:absolute;top:0;right:0;bottom:0;left:0}}.elementor-widget-video .elementor-open-inline .elementor-custom-embed-image-overlay{position:absolute;top:0;right:0;bottom:0;left:0;background-size:cover;background-position:50%}.elementor-widget-video .elementor-custom-embed-image-overlay{cursor:pointer;text-align:center}.elementor-widget-video .elementor-custom-embed-image-overlay:hover .elementor-custom-embed-play i{opacity:1}.elementor-widget-video .elementor-custom-embed-image-overlay img{display:block;width:100%;aspect-ratio:var(--video-aspect-ratio);-o-object-fit:cover;object-fit:cover;-o-object-position:center center;object-position:center center}@supports not (aspect-ratio:1\/1){.elementor-widget-video .elementor-custom-embed-image-overlay{position:relative;overflow:hidden;height:0;padding-bottom:calc(100% \/ var(--video-aspect-ratio))}.elementor-widget-video .elementor-custom-embed-image-overlay img{position:absolute;top:0;right:0;bottom:0;left:0}}.elementor-widget-video .e-hosted-video .elementor-video{-o-object-fit:cover;object-fit:cover}.e-con-inner>.elementor-widget-video,.e-con>.elementor-widget-video{width:var(--container-widget-width);--flex-grow:var(--container-widget-flex-grow)}<\/style>\t\t<div class=\"elementor-wrapper elementor-open-inline\">\n\t\t\t<div class=\"elementor-video\"><\/div>\t\t<\/div>\n\t\t\t\t<\/div>\n\t\t\t\t<\/div>\n\t\t\t\t\t<\/div>\n\t\t<\/div>\n\t\t\t\t\t<\/div>\n\t\t<\/section>\n\t\t\t\t<section class=\"elementor-section elementor-top-section elementor-element elementor-element-12a277f elementor-section-boxed elementor-section-height-default elementor-section-height-default\" data-id=\"12a277f\" data-element_type=\"section\">\n\t\t\t\t\t\t<div class=\"elementor-container elementor-column-gap-default\">\n\t\t\t\t\t<div class=\"elementor-column elementor-col-100 elementor-top-column elementor-element elementor-element-c0e93bd\" data-id=\"c0e93bd\" data-element_type=\"column\">\n\t\t\t<div class=\"elementor-widget-wrap elementor-element-populated\">\n\t\t\t\t\t\t<div class=\"elementor-element elementor-element-5d8eff4 elementor-widget elementor-widget-conn_blog\" data-id=\"5d8eff4\" data-element_type=\"widget\" data-widget_type=\"conn_blog.default\">\n\t\t\t\t<div class=\"elementor-widget-container\">\n\t\t\t\n    <!-- news-section -->\n    <section class=\"coaching-details\">\n\t\t<div class=\"auto-container\">\n\t\t\t<div class=\"row clearfix\">\n                <div class=\"col-lg-12 col-md-12 col-sm-12 content-side\">\n\t\t\t\t\t<div class=\"coaching-details-content\">\n\t\t\t\t\t\t<div class=\"content-two\">\n\t\t\t\t\t\t\t<div class=\"upper-text\">\n\t\t\t\t\t\t\t\t<h2>Sabemos exatamente o sentimento que \u00e9 viver o interc\u00e2mbio \u2708\ufe0f<\/h2>\t\t\t\t\t\t\t\t\t\t\t\t\t\t\t<\/div>\n\t\t\t\t\t\t\t<div class=\"two-column\">\n\t\t\t\t\t\t\t\t<div class=\"row clearfix\" style=\"gap: 30px 0;\">\n\t\t\t\t\t\t\t\t\t\t\t\t\t\t\t\t\t\t<div class=\"col-lg-6 col-md-6 col-sm-12 single-column\">\n\t\t\t\t\t\t\t\t\t\t<div class=\"single-item\">\n\t\t\t\t\t\t\t\t\t\t\t<div class=\"inner-box\">\n\t\t\t\t\t\t\t\t\t\t\t\t<div class=\"content-box\">\n\t\t\t\t\t\t\t\t\t\t\t\t\t<div class=\"text\">\n\t\t\t\t\t\t\t\t\t\t\t\t\t\t<p>A principal dica para uma renova\u00e7\u00e3o assertiva A gente sabe que o momento de renovar pode ser delicado e cheio ...<\/p>\n\t\t\t\t\t\t\t\t\t\t\t\t\t\t<h5 style=\"max-width: 480px; white-space: nowrap; overflow: hidden; text-overflow: ellipsis;\">Qual curso escolher na minha renova\u00e7\u00e3o?<\/h5>\n\t\t\t\t\t\t\t\t\t\t\t\t\t<\/div>\n\t\t\t\t\t\t\t\t\t\t\t\t\t<div class=\"image-box\">\n\t\t\t\t\t\t\t\t\t\t\t\t\t\t<figure class=\"image\" style=\"max-height: 170px; object-fit: cover;\"><img decoding=\"async\" width=\"1920\" height=\"1080\" src=\"https:\/\/connectionaustralia.com\/br\/wp-content\/uploads\/2025\/03\/Apresentacao-1-bate-papo-c-Bianca.png\" class=\"attachment-immigo_370x170 size-immigo_370x170 wp-post-image\" alt=\"\" srcset=\"https:\/\/connectionaustralia.com\/br\/wp-content\/uploads\/2025\/03\/Apresentacao-1-bate-papo-c-Bianca.png 1920w, https:\/\/connectionaustralia.com\/br\/wp-content\/uploads\/2025\/03\/Apresentacao-1-bate-papo-c-Bianca-300x169.png 300w, https:\/\/connectionaustralia.com\/br\/wp-content\/uploads\/2025\/03\/Apresentacao-1-bate-papo-c-Bianca-1024x576.png 1024w, https:\/\/connectionaustralia.com\/br\/wp-content\/uploads\/2025\/03\/Apresentacao-1-bate-papo-c-Bianca-768x432.png 768w, https:\/\/connectionaustralia.com\/br\/wp-content\/uploads\/2025\/03\/Apresentacao-1-bate-papo-c-Bianca-1536x864.png 1536w\" sizes=\"(max-width: 1920px) 100vw, 1920px\" \/><\/figure>\n\t\t\t\t\t\t\t\t\t\t\t\t\t\t<span>00<\/span>\n\t\t\t\t\t\t\t\t\t\t\t\t\t<\/div>\n\t\t\t\t\t\t\t\t\t\t\t\t<\/div>\n\t\t\t\t\t\t\t\t\t\t\t\t<div class=\"overlay-content\">\n\t\t\t\t\t\t\t\t\t\t\t\t\t<div class=\"image-box\">\n\t\t\t\t\t\t\t\t\t\t\t\t\t\t<figure class=\"image\" style=\"max-height: 341px; object-fit: cover;\"><img decoding=\"async\" width=\"1920\" height=\"1080\" src=\"https:\/\/connectionaustralia.com\/br\/wp-content\/uploads\/2025\/03\/Apresentacao-1-bate-papo-c-Bianca.png\" class=\"attachment-immigo_370x341 size-immigo_370x341 wp-post-image\" alt=\"\" srcset=\"https:\/\/connectionaustralia.com\/br\/wp-content\/uploads\/2025\/03\/Apresentacao-1-bate-papo-c-Bianca.png 1920w, https:\/\/connectionaustralia.com\/br\/wp-content\/uploads\/2025\/03\/Apresentacao-1-bate-papo-c-Bianca-300x169.png 300w, https:\/\/connectionaustralia.com\/br\/wp-content\/uploads\/2025\/03\/Apresentacao-1-bate-papo-c-Bianca-1024x576.png 1024w, https:\/\/connectionaustralia.com\/br\/wp-content\/uploads\/2025\/03\/Apresentacao-1-bate-papo-c-Bianca-768x432.png 768w, https:\/\/connectionaustralia.com\/br\/wp-content\/uploads\/2025\/03\/Apresentacao-1-bate-papo-c-Bianca-1536x864.png 1536w\" sizes=\"(max-width: 1920px) 100vw, 1920px\" \/><\/figure>\n\t\t\t\t\t\t\t\t\t\t\t\t\t\t<div class=\"btn-box\"><a href=\"https:\/\/connectionaustralia.com\/br\/qual-curso-escolher-na-minha-renovacao\/\" class=\"theme-btn btn-one\">Leia Mais<i class=\"flaticon-next\"><\/i><\/a><\/div>\n\t\t\t\t\t\t\t\t\t\t\t\t\t\t<span>00<\/span>\n\t\t\t\t\t\t\t\t\t\t\t\t\t<\/div>\n\t\t\t\t\t\t\t\t\t\t\t\t<\/div>\n\t\t\t\t\t\t\t\t\t\t\t<\/div>\n\t\t\t\t\t\t\t\t\t\t<\/div>\n\t\t\t\t\t\t\t\t\t<\/div>\n\t\t\t\t\t\t\t\t\t\t\t\t\t\t\t\t\t\t<div class=\"col-lg-6 col-md-6 col-sm-12 single-column\">\n\t\t\t\t\t\t\t\t\t\t<div class=\"single-item\">\n\t\t\t\t\t\t\t\t\t\t\t<div class=\"inner-box\">\n\t\t\t\t\t\t\t\t\t\t\t\t<div class=\"content-box\">\n\t\t\t\t\t\t\t\t\t\t\t\t\t<div class=\"text\">\n\t\t\t\t\t\t\t\t\t\t\t\t\t\t<p>Como preparar um curr\u00edculo em ingl\u00eas para trabalhar na Austr\u00e1lia Ter um curr\u00edculo bem feito em ingl\u00eas \u00e9 essencial para ...<\/p>\n\t\t\t\t\t\t\t\t\t\t\t\t\t\t<h5 style=\"max-width: 480px; white-space: nowrap; overflow: hidden; text-overflow: ellipsis;\">Como preparar um curr\u00edculo em ingl\u00eas para trabalhar na Austr\u00e1lia<\/h5>\n\t\t\t\t\t\t\t\t\t\t\t\t\t<\/div>\n\t\t\t\t\t\t\t\t\t\t\t\t\t<div class=\"image-box\">\n\t\t\t\t\t\t\t\t\t\t\t\t\t\t<figure class=\"image\" style=\"max-height: 170px; object-fit: cover;\"><img loading=\"lazy\" decoding=\"async\" width=\"1000\" height=\"667\" src=\"https:\/\/connectionaustralia.com\/br\/wp-content\/uploads\/2022\/03\/markus-winkler-7iSEHWsxPLw-unsplash-1-1.jpg\" class=\"attachment-immigo_370x170 size-immigo_370x170 wp-post-image\" alt=\"\" srcset=\"https:\/\/connectionaustralia.com\/br\/wp-content\/uploads\/2022\/03\/markus-winkler-7iSEHWsxPLw-unsplash-1-1.jpg 1000w, https:\/\/connectionaustralia.com\/br\/wp-content\/uploads\/2022\/03\/markus-winkler-7iSEHWsxPLw-unsplash-1-1-300x200.jpg 300w, https:\/\/connectionaustralia.com\/br\/wp-content\/uploads\/2022\/03\/markus-winkler-7iSEHWsxPLw-unsplash-1-1-768x512.jpg 768w\" sizes=\"(max-width: 1000px) 100vw, 1000px\" \/><\/figure>\n\t\t\t\t\t\t\t\t\t\t\t\t\t\t<span>00<\/span>\n\t\t\t\t\t\t\t\t\t\t\t\t\t<\/div>\n\t\t\t\t\t\t\t\t\t\t\t\t<\/div>\n\t\t\t\t\t\t\t\t\t\t\t\t<div class=\"overlay-content\">\n\t\t\t\t\t\t\t\t\t\t\t\t\t<div class=\"image-box\">\n\t\t\t\t\t\t\t\t\t\t\t\t\t\t<figure class=\"image\" style=\"max-height: 341px; object-fit: cover;\"><img loading=\"lazy\" decoding=\"async\" width=\"1000\" height=\"667\" src=\"https:\/\/connectionaustralia.com\/br\/wp-content\/uploads\/2022\/03\/markus-winkler-7iSEHWsxPLw-unsplash-1-1.jpg\" class=\"attachment-immigo_370x341 size-immigo_370x341 wp-post-image\" alt=\"\" srcset=\"https:\/\/connectionaustralia.com\/br\/wp-content\/uploads\/2022\/03\/markus-winkler-7iSEHWsxPLw-unsplash-1-1.jpg 1000w, https:\/\/connectionaustralia.com\/br\/wp-content\/uploads\/2022\/03\/markus-winkler-7iSEHWsxPLw-unsplash-1-1-300x200.jpg 300w, https:\/\/connectionaustralia.com\/br\/wp-content\/uploads\/2022\/03\/markus-winkler-7iSEHWsxPLw-unsplash-1-1-768x512.jpg 768w\" sizes=\"(max-width: 1000px) 100vw, 1000px\" \/><\/figure>\n\t\t\t\t\t\t\t\t\t\t\t\t\t\t<div class=\"btn-box\"><a href=\"https:\/\/connectionaustralia.com\/br\/curriculonaaustralia\/\" class=\"theme-btn btn-one\">Leia Mais<i class=\"flaticon-next\"><\/i><\/a><\/div>\n\t\t\t\t\t\t\t\t\t\t\t\t\t\t<span>00<\/span>\n\t\t\t\t\t\t\t\t\t\t\t\t\t<\/div>\n\t\t\t\t\t\t\t\t\t\t\t\t<\/div>\n\t\t\t\t\t\t\t\t\t\t\t<\/div>\n\t\t\t\t\t\t\t\t\t\t<\/div>\n\t\t\t\t\t\t\t\t\t<\/div>\n\t\t\t\t\t\t\t\t\t\t\t\t\t\t\t\t\t<\/div>\n\t\t\t\t\t\t\t<\/div>\n\t\t\t\t\t\t<\/div>\n\t\t\t\t\t<\/div>\n\t\t\t\t<\/div>\n\t\t\t<\/div>\n\t\t<\/div>\n\t<\/section>\n    <!-- news-section end -->\n    \n\t\t\t<\/div>\n\t\t\t\t<\/div>\n\t\t\t\t\t<\/div>\n\t\t<\/div>\n\t\t\t\t\t<\/div>\n\t\t<\/section>\n\t\t\t\t<\/div>\n\t\t","protected":false},"excerpt":{"rendered":"<p>Renova\u00e7\u00e3o estrat\u00e9gica por um time especialista na aplica\u00e7\u00e3o de visto Nosso time nasceu na Austr\u00e1lia, ou seja, com as nossas orienta\u00e7\u00f5es e todo nosso conhecimento de mais de 15 anos de Connection, voc\u00ea contar\u00e1 com um time especialista na aplica\u00e7\u00e3o do seu visto, al\u00e9m de ter um suporte completo. Entenda como vamos facilitar sua estadia [&hellip;]<\/p>\n","protected":false},"author":1,"featured_media":0,"parent":0,"menu_order":0,"comment_status":"closed","ping_status":"closed","template":"tpl-default-elementor.php","meta":{"footnotes":""},"class_list":["post-352","page","type-page","status-publish","hentry"],"_links":{"self":[{"href":"https:\/\/connectionaustralia.com\/br\/wp-json\/wp\/v2\/pages\/352","targetHints":{"allow":["GET"]}}],"collection":[{"href":"https:\/\/connectionaustralia.com\/br\/wp-json\/wp\/v2\/pages"}],"about":[{"href":"https:\/\/connectionaustralia.com\/br\/wp-json\/wp\/v2\/types\/page"}],"author":[{"embeddable":true,"href":"https:\/\/connectionaustralia.com\/br\/wp-json\/wp\/v2\/users\/1"}],"replies":[{"embeddable":true,"href":"https:\/\/connectionaustralia.com\/br\/wp-json\/wp\/v2\/comments?post=352"}],"version-history":[{"count":62,"href":"https:\/\/connectionaustralia.com\/br\/wp-json\/wp\/v2\/pages\/352\/revisions"}],"predecessor-version":[{"id":2744,"href":"https:\/\/connectionaustralia.com\/br\/wp-json\/wp\/v2\/pages\/352\/revisions\/2744"}],"wp:attachment":[{"href":"https:\/\/connectionaustralia.com\/br\/wp-json\/wp\/v2\/media?parent=352"}],"curies":[{"name":"wp","href":"https:\/\/api.w.org\/{rel}","templated":true}]}}