{"id":340,"date":"2022-02-04T03:50:27","date_gmt":"2022-02-04T03:50:27","guid":{"rendered":"http:\/\/fastwpdemo.com\/newwp\/immigo\/?page_id=340"},"modified":"2025-04-14T16:36:25","modified_gmt":"2025-04-14T19:36:25","slug":"faq","status":"publish","type":"page","link":"https:\/\/connectionaustralia.com\/br\/faq\/","title":{"rendered":"FAQ"},"content":{"rendered":"\t\t<div data-elementor-type=\"wp-page\" data-elementor-id=\"340\" class=\"elementor elementor-340\" data-elementor-post-type=\"page\">\n\t\t\t\t\t\t<section class=\"elementor-section elementor-top-section elementor-element elementor-element-e942bec elementor-section-full_width elementor-section-height-default elementor-section-height-default\" data-id=\"e942bec\" data-element_type=\"section\">\n\t\t\t\t\t\t<div class=\"elementor-container elementor-column-gap-default\">\n\t\t\t\t\t<div class=\"elementor-column elementor-col-100 elementor-top-column elementor-element elementor-element-33849c7\" data-id=\"33849c7\" data-element_type=\"column\">\n\t\t\t<div class=\"elementor-widget-wrap elementor-element-populated\">\n\t\t\t\t\t\t<div class=\"elementor-element elementor-element-d9a84a0 elementor-widget elementor-widget-immigo_our_faqs_v2\" data-id=\"d9a84a0\" data-element_type=\"widget\" data-widget_type=\"immigo_our_faqs_v2.default\">\n\t\t\t\t<div class=\"elementor-widget-container\">\n\t\t\t\n\t<!-- faq-page-section -->\n\t<section class=\"faq-page-section\">\n\t\t<div class=\"auto-container\">\n\t\t\t\t\t\t<div class=\"content-box\">\n\t\t\t\t<div class=\"row clearfix\">\n\t\t\t\t\t<div class=\"col-lg-12 col-md-12 col-sm-12 content-column\">\n\t\t\t\t\t\t<div class=\"faq-content\">\n\t\t\t\t\t\t\t<ul class=\"accordion-box\">\n\t\t\t\t\t\t\t\t\t\t\t\t\t\t\t\t<li class=\"accordion block active-block\">\n\t\t\t\t\t\t\t\t\t<div class=\"acc-btn active\">\n\t\t\t\t\t\t\t\t\t\t<div class=\"icon-outer\"><i class=\"flaticon-diagonal-arrow\"><\/i><\/div>\n\t\t\t\t\t\t\t\t\t\t<h5>1. Quais programas de Interc\u00e2mbio a Connection oferece?<\/h5>\n\t\t\t\t\t\t\t\t\t<\/div>\n\t\t\t\t\t\t\t\t\t<div class=\"acc-content current\">\n\t\t\t\t\t\t\t\t\t\t<div class=\"text\">\n\t\t\t\t\t\t\t\t\t\t\t<p>Programas de estudo com permiss\u00e3o para trabalhar na Austr\u00e1lia e na Irlanda. Os dois pa\u00edses permitem que voc\u00ea trabalhe enquanto estuda ingl\u00eas, e na austr\u00e1lia voc\u00ea pode fazer cursos t\u00e9cnicos, faculdade, mestrados e MBAs. <br>\r\nE a melhor parte: todas as etapas do seu interc\u00e2mbio s\u00e3o feitas pelo nosso time! <\/p>\n\t\t\t\t\t\t\t\t\t\t<\/div>\n\t\t\t\t\t\t\t\t\t<\/div>\n\t\t\t\t\t\t\t\t<\/li>\n\t\t\t\t\t\t\t\t\t\t\t\t\t\t\t\t<li class=\"accordion block \">\n\t\t\t\t\t\t\t\t\t<div class=\"acc-btn \">\n\t\t\t\t\t\t\t\t\t\t<div class=\"icon-outer\"><i class=\"flaticon-diagonal-arrow\"><\/i><\/div>\n\t\t\t\t\t\t\t\t\t\t<h5>2. Preciso ter ingl\u00eas para fazer interc\u00e2mbio?<\/h5>\n\t\t\t\t\t\t\t\t\t<\/div>\n\t\t\t\t\t\t\t\t\t<div class=\"acc-content \">\n\t\t\t\t\t\t\t\t\t\t<div class=\"text\">\n\t\t\t\t\t\t\t\t\t\t\t<p>No seu primeiro dia de aula, voc\u00ea faz um teste de nivelamento e j\u00e1 entra numa turma com pessoas do mesmo n\u00edvel que o seu, do b\u00e1sico ao avan\u00e7ado. <br>\r\nA maioria dos estudantes chegam com ingl\u00eas b\u00e1sico e v\u00e3o evoluindo durante o interc\u00e2mbio. \u00c9 totalmente normal! Mas claro: quanto mais voc\u00ea se preparar antes, melhor ser\u00e1 sua adapta\u00e7\u00e3o e suas chances de emprego aumentam.\r\n<br>\r\n\u26a0\ufe0f Mas aten\u00e7\u00e3o: se o seu foco for fazer faculdade ou curso t\u00e9cnico, a\u00ed sim \u00e9 necess\u00e1rio comprovar o n\u00edvel de ingl\u00eas com uma prova oficial (tipo IELTS, TOEFL, etc.)<\/p>\n\t\t\t\t\t\t\t\t\t\t<\/div>\n\t\t\t\t\t\t\t\t\t<\/div>\n\t\t\t\t\t\t\t\t<\/li>\n\t\t\t\t\t\t\t\t\t\t\t\t\t\t\t\t<li class=\"accordion block \">\n\t\t\t\t\t\t\t\t\t<div class=\"acc-btn \">\n\t\t\t\t\t\t\t\t\t\t<div class=\"icon-outer\"><i class=\"flaticon-diagonal-arrow\"><\/i><\/div>\n\t\t\t\t\t\t\t\t\t\t<h5>3. Preciso de visto para estudar e trabalhar na Austr\u00e1lia?<\/h5>\n\t\t\t\t\t\t\t\t\t<\/div>\n\t\t\t\t\t\t\t\t\t<div class=\"acc-content \">\n\t\t\t\t\t\t\t\t\t\t<div class=\"text\">\n\t\t\t\t\t\t\t\t\t\t\t<p>Sim, voc\u00ea s\u00f3 embarca com o visto aprovado! <br>\r\nMas fique tranquilo, voc\u00ea encontrou o suporte completo para realizar seu interc\u00e2mbio. Nosso time, al\u00e9m de orientar voc\u00ea nas decis\u00f5es de qual cidade ideal, escola e seguro sa\u00fade, tamb\u00e9m \u00e9 respons\u00e1vel por toda organiza\u00e7\u00e3o de documentos e aplica\u00e7\u00e3o do seu visto!<\/p>\n\t\t\t\t\t\t\t\t\t\t<\/div>\n\t\t\t\t\t\t\t\t\t<\/div>\n\t\t\t\t\t\t\t\t<\/li>\n\t\t\t\t\t\t\t\t\t\t\t\t\t\t\t\t<li class=\"accordion block \">\n\t\t\t\t\t\t\t\t\t<div class=\"acc-btn \">\n\t\t\t\t\t\t\t\t\t\t<div class=\"icon-outer\"><i class=\"flaticon-diagonal-arrow\"><\/i><\/div>\n\t\t\t\t\t\t\t\t\t\t<h5>4. Como ter o visto aprovado para Austr\u00e1lia?<\/h5>\n\t\t\t\t\t\t\t\t\t<\/div>\n\t\t\t\t\t\t\t\t\t<div class=\"acc-content \">\n\t\t\t\t\t\t\t\t\t\t<div class=\"text\">\n\t\t\t\t\t\t\t\t\t\t\t<p>Ser um estudante genu\u00edno + contar com um suporte especialista. <br>\r\nA imigra\u00e7\u00e3o australiana analisa seu perfil acad\u00eamico, v\u00ednculos familiares e financeiros. <br>\r\nNosso time te ajuda com a estrat\u00e9gia, documenta\u00e7\u00e3o e narrativa do processo \u2014 sempre com atendimento individualizado. <br>\r\nSe voc\u00ea tem um perfil de estudante ou busca em construir, converse com um agente educacional Connection sem custo, e tenha as melhores orienta\u00e7\u00f5es para buscar seu visto aprovado e desembarcar na Austr\u00e1lia. <\/p>\n\t\t\t\t\t\t\t\t\t\t<\/div>\n\t\t\t\t\t\t\t\t\t<\/div>\n\t\t\t\t\t\t\t\t<\/li>\n\t\t\t\t\t\t\t\t\t\t\t\t\t\t\t\t<li class=\"accordion block \">\n\t\t\t\t\t\t\t\t\t<div class=\"acc-btn \">\n\t\t\t\t\t\t\t\t\t\t<div class=\"icon-outer\"><i class=\"flaticon-diagonal-arrow\"><\/i><\/div>\n\t\t\t\t\t\t\t\t\t\t<h5>5. Preciso de visto para estudar e trabalhar na Irlanda?<\/h5>\n\t\t\t\t\t\t\t\t\t<\/div>\n\t\t\t\t\t\t\t\t\t<div class=\"acc-content \">\n\t\t\t\t\t\t\t\t\t\t<div class=\"text\">\n\t\t\t\t\t\t\t\t\t\t\t<p>Sim, mas na Irlanda, o processo \u00e9 super r\u00e1pido e facilitado pela nossa equipe! <br>\r\nVoc\u00ea precisa embarcar com: <br>\r\n* Passaporte  <br>\r\n- Documenta\u00e7\u00e3o da escola <br>\r\n- Seguro sa\u00fade <br>\r\n- Comprova\u00e7\u00e3o Financeira <br>\r\nE todo o processo de visto acontece dentro do pa\u00eds, em um agendamento para voc\u00ea apresentar esses documentos para\u00a0a\u00a0imigra\u00e7\u00e3o.<\/p>\n\t\t\t\t\t\t\t\t\t\t<\/div>\n\t\t\t\t\t\t\t\t\t<\/div>\n\t\t\t\t\t\t\t\t<\/li>\n\t\t\t\t\t\t\t\t\t\t\t\t\t\t\t\t<li class=\"accordion block \">\n\t\t\t\t\t\t\t\t\t<div class=\"acc-btn \">\n\t\t\t\t\t\t\t\t\t\t<div class=\"icon-outer\"><i class=\"flaticon-diagonal-arrow\"><\/i><\/div>\n\t\t\t\t\t\t\t\t\t\t<h5>6. Vou conseguir emprego?<\/h5>\n\t\t\t\t\t\t\t\t\t<\/div>\n\t\t\t\t\t\t\t\t\t<div class=\"acc-content \">\n\t\t\t\t\t\t\t\t\t\t<div class=\"text\">\n\t\t\t\t\t\t\t\t\t\t\t<p>Sim! Mas \u00e9 importante saber que o estudante \u00e9 quem corre atr\u00e1s da vaga. A boa not\u00edcia \u00e9 que a gente d\u00e1 todo o suporte no processo: dicas de curr\u00edculo, como se apresentar, onde procurar e o que evitar. Voc\u00ea n\u00e3o t\u00e1 sozinho nessa! <br><br>\r\n\r\n<strong>Sobre os empregos:<\/strong> <br>\r\nTanto na Austr\u00e1lia quanto na Irlanda, existem oportunidades para todos os n\u00edveis de ingl\u00eas. <br>\r\nSe voc\u00ea est\u00e1 come\u00e7ando no idioma, \u00e9 comum come\u00e7ar em fun\u00e7\u00f5es como: <br>\r\n\r\n- Cleaner (limpeza) \r\n<br>\r\n- Kitchen hand (ajudante de cozinha) \r\n<br>\r\n- Dishwasher (lava-pratos) \r\n<br>\r\n- Housekeeping (arruma\u00e7\u00e3o em hotel) \r\n<br><br>\r\nCom o tempo e a evolu\u00e7\u00e3o do seu ingl\u00eas, novas oportunidades surgem: <br>\r\n\r\n-Barista \r\n<br>\r\n- Vendas\/lojas \r\n<br>\r\n- Atendimento ao cliente \r\n<br><br>\r\nO ingl\u00eas \u00e9 um diferencial, mas n\u00e3o \u00e9 uma barreira para come\u00e7ar. Muitos estudantes come\u00e7am com o ingl\u00eas b\u00e1sico e conseguem trabalho rapidamente. <\/p>\n\t\t\t\t\t\t\t\t\t\t<\/div>\n\t\t\t\t\t\t\t\t\t<\/div>\n\t\t\t\t\t\t\t\t<\/li>\n\t\t\t\t\t\t\t\t\t\t\t\t\t\t\t\t<li class=\"accordion block \">\n\t\t\t\t\t\t\t\t\t<div class=\"acc-btn \">\n\t\t\t\t\t\t\t\t\t\t<div class=\"icon-outer\"><i class=\"flaticon-diagonal-arrow\"><\/i><\/div>\n\t\t\t\t\t\t\t\t\t\t<h5>7. O que \u00e9 a matr\u00edcula flex\u00edvel?<\/h5>\n\t\t\t\t\t\t\t\t\t<\/div>\n\t\t\t\t\t\t\t\t\t<div class=\"acc-content \">\n\t\t\t\t\t\t\t\t\t\t<div class=\"text\">\n\t\t\t\t\t\t\t\t\t\t\t<p>\u00c9 o primeiro passo pra voc\u00ea se sentir ainda mais perto do seu interc\u00e2mbio, mesmo que ainda esteja se organizando! <br>\r\n<br>\r\n-Bloqueia o valor atual do curso por at\u00e9 1 ano e meio. \r\n<br>\r\n- N\u00e3o precisa ficar preso a contratos. \r\n<br>\r\n- Voc\u00ea pode se planejar com calma para o visto e pagamentos. \r\n<br><br>\r\n<strong>Entenda melhor:<\/strong><br> \r\nAs escolas na Austr\u00e1lia e na Irlanda n\u00e3o exigem entrada ou valor adicional para emitir a sua Carta de Oferta (matr\u00edcula). Voc\u00ea pode garantir o or\u00e7amento do seu interc\u00e2mbio hoje, sem custo e sem ficar preso a contratos, ficar livre de reajustes caso seu curso fique mais caro, e iniciar suas aulas em at\u00e9 1 ano e meio. <br>\r\nOu seja: d\u00e1 tempo de se planejar com calma, juntar uma graninha e aplicar o visto no melhor momento. <br>\r\nS\u00f3 um time que viveu a experi\u00eancia sabe como facilitar o processo de verdade com mais liberdade e menos press\u00e3o para pagamentos ou assinatura de contratos. <\/p>\n\t\t\t\t\t\t\t\t\t\t<\/div>\n\t\t\t\t\t\t\t\t\t<\/div>\n\t\t\t\t\t\t\t\t<\/li>\n\t\t\t\t\t\t\t\t\t\t\t\t\t\t\t\t<li class=\"accordion block \">\n\t\t\t\t\t\t\t\t\t<div class=\"acc-btn \">\n\t\t\t\t\t\t\t\t\t\t<div class=\"icon-outer\"><i class=\"flaticon-diagonal-arrow\"><\/i><\/div>\n\t\t\t\t\t\t\t\t\t\t<h5>8. Quanto tempo posso ficar com visto de estudante?<\/h5>\n\t\t\t\t\t\t\t\t\t<\/div>\n\t\t\t\t\t\t\t\t\t<div class=\"acc-content \">\n\t\t\t\t\t\t\t\t\t\t<div class=\"text\">\n\t\t\t\t\t\t\t\t\t\t\t<p>A Austr\u00e1lia permite mais flexibilidade: <br>\r\n- 5 meses (4 meses de curso + 1 m\u00eas de f\u00e9rias) \r\n<br>\r\n- 6 meses (5 meses de curso + 1 m\u00eas de f\u00e9rias) \r\n<br>\r\n- 8 meses (6 meses de curso + 2 meses de f\u00e9rias) \r\n<br><br>\r\nSe voc\u00ea escolher um curso vocacional (VET), a dura\u00e7\u00e3o varia de acordo com o curso \u2014 n\u00e3o existe um tempo fixo. \r\n<br><br>\r\nNa Irlanda o tempo \u00e9 fixo: \r\n<br>\r\n- 8 meses (6 meses de curso + 2 meses de f\u00e9rias) \r\n<br><br>\r\nE o melhor: voc\u00ea pode renovar esse visto at\u00e9 duas vezes, se quiser continuar estudando por l\u00e1. <\/p>\n\t\t\t\t\t\t\t\t\t\t<\/div>\n\t\t\t\t\t\t\t\t\t<\/div>\n\t\t\t\t\t\t\t\t<\/li>\n\t\t\t\t\t\t\t\t\t\t\t\t\t\t\t\t<li class=\"accordion block \">\n\t\t\t\t\t\t\t\t\t<div class=\"acc-btn \">\n\t\t\t\t\t\t\t\t\t\t<div class=\"icon-outer\"><i class=\"flaticon-diagonal-arrow\"><\/i><\/div>\n\t\t\t\t\t\t\t\t\t\t<h5>9. Como entender meu or\u00e7amento para a Austr\u00e1lia?<\/h5>\n\t\t\t\t\t\t\t\t\t<\/div>\n\t\t\t\t\t\t\t\t\t<div class=\"acc-content \">\n\t\t\t\t\t\t\t\t\t\t<div class=\"text\">\n\t\t\t\t\t\t\t\t\t\t\t<p>Para montar seu or\u00e7amento, \u00e9 importante considerar: <br>\r\n\r\n- Curso de ingl\u00eas: o valor varia conforme a escola e a dura\u00e7\u00e3o do curso. <br>\r\n\r\n- Seguro sa\u00fade (OSHC): obrigat\u00f3rio para todos os estudantes. <br>\r\n\r\n- Taxa do visto: valor cobrado pela imigra\u00e7\u00e3o australiana. <br>\r\n\r\n- Passagem a\u00e9rea (opcional): tamb\u00e9m oferecemos, se voc\u00ea quiser fechar com a gente. <br>\r\n\r\n- Acomoda\u00e7\u00e3o (opcional): temos op\u00e7\u00f5es como casa de fam\u00edlia, resid\u00eancia estudantil ou hostel. <br>\r\n\r\n\ud83d\udca1 <strong>Importante: <\/strong><br>\r\nAqui na Connection, n\u00e3o cobramos taxa de servi\u00e7o nem taxa de aplica\u00e7\u00e3o de visto. S\u00f3 um time que viveu a experi\u00eancia vai saber facilitar todas as etapas da sua! <\/p>\n\t\t\t\t\t\t\t\t\t\t<\/div>\n\t\t\t\t\t\t\t\t\t<\/div>\n\t\t\t\t\t\t\t\t<\/li>\n\t\t\t\t\t\t\t\t\t\t\t\t\t\t\t\t<li class=\"accordion block \">\n\t\t\t\t\t\t\t\t\t<div class=\"acc-btn \">\n\t\t\t\t\t\t\t\t\t\t<div class=\"icon-outer\"><i class=\"flaticon-diagonal-arrow\"><\/i><\/div>\n\t\t\t\t\t\t\t\t\t\t<h5>10. Qual o passo a passo para a Irlanda?<\/h5>\n\t\t\t\t\t\t\t\t\t<\/div>\n\t\t\t\t\t\t\t\t\t<div class=\"acc-content \">\n\t\t\t\t\t\t\t\t\t\t<div class=\"text\">\n\t\t\t\t\t\t\t\t\t\t\t<p><strong>Primeiro passo:<\/strong><br> \r\n1 - Decis\u00f5es<br> \r\n2 - Garantia da matr\u00edcula flex\u00edvel (sem custo, com at\u00e9 1 ano e meio de anteced\u00eancia) <br>\r\n\r\n<strong>M\u00e9dia 45 dias antes do embarque:<\/strong> <br>\r\n3 - Pagamentos <br>\r\n4 - Suporte pr\u00e9-embarque completo <br>\r\n\r\n<strong>Chegando na Irlanda:<\/strong><br> \r\n5 - Agendamento da ida \u00e0 Imigra\u00e7\u00e3o (feito pelo nosso time para facilitar o seu processo) <br>\r\n6 - Welcome Tour e todo suporte Connection ao longo de toda sua experi\u00eancia. <br>\r\n7 - Comparecer no dia agendado para apresentar documentos e a comprova\u00e7\u00e3o de \u20ac 6.665 na sua conta. <\/p>\n\t\t\t\t\t\t\t\t\t\t<\/div>\n\t\t\t\t\t\t\t\t\t<\/div>\n\t\t\t\t\t\t\t\t<\/li>\n\t\t\t\t\t\t\t\t\t\t\t\t\t\t\t\t<li class=\"accordion block \">\n\t\t\t\t\t\t\t\t\t<div class=\"acc-btn \">\n\t\t\t\t\t\t\t\t\t\t<div class=\"icon-outer\"><i class=\"flaticon-diagonal-arrow\"><\/i><\/div>\n\t\t\t\t\t\t\t\t\t\t<h5>11. Tem como estender o visto?<\/h5>\n\t\t\t\t\t\t\t\t\t<\/div>\n\t\t\t\t\t\t\t\t\t<div class=\"acc-content \">\n\t\t\t\t\t\t\t\t\t\t<div class=\"text\">\n\t\t\t\t\t\t\t\t\t\t\t<p>Sim, tem! <br>\r\nTanto na Austr\u00e1lia quanto na Irlanda, \u00e9 poss\u00edvel estender o visto de estudante, e muita gente faz isso para continuar estudando, trabalhando ou at\u00e9 se planejando para algo maior, como vistos de trabalho ou resid\u00eancia. <br>\r\n\r\n<strong>Na Austr\u00e1lia:<\/strong> <br>\r\n\r\n- Voc\u00ea pode renovar o visto ainda dentro do pa\u00eds. <br>\r\n\r\n- Pode trocar de escola, mudar de curso ou at\u00e9 subir de n\u00edvel (tipo sair do ingl\u00eas e ir para um curso t\u00e9cnico). <br>\r\n\r\n- Tamb\u00e9m d\u00e1 para fazer m\u00faltiplas renova\u00e7\u00f5es, desde que siga as regras de frequ\u00eancia e progresso nos estudos. <br>\r\n\r\n<strong>Na Irlanda:<\/strong><br> \r\n\r\n- Pode renovar at\u00e9 duas vezes, totalizando 2 anos de estudo em cursos de ingl\u00eas. <br><br>\r\n\r\nA melhor parte? Nosso time tamb\u00e9m \u00e9 respons\u00e1vel pelo suporte na renova\u00e7\u00e3o e as pol\u00edticas seguem as mesmas: voc\u00ea n\u00e3o paga nenhuma taxa de servi\u00e7o por isso! <\/p>\n\t\t\t\t\t\t\t\t\t\t<\/div>\n\t\t\t\t\t\t\t\t\t<\/div>\n\t\t\t\t\t\t\t\t<\/li>\n\t\t\t\t\t\t\t\t\t\t\t\t\t\t\t\t<li class=\"accordion block \">\n\t\t\t\t\t\t\t\t\t<div class=\"acc-btn \">\n\t\t\t\t\t\t\t\t\t\t<div class=\"icon-outer\"><i class=\"flaticon-diagonal-arrow\"><\/i><\/div>\n\t\t\t\t\t\t\t\t\t\t<h5>12. Por que escolher a Connection?<\/h5>\n\t\t\t\t\t\t\t\t\t<\/div>\n\t\t\t\t\t\t\t\t\t<div class=\"acc-content \">\n\t\t\t\t\t\t\t\t\t\t<div class=\"text\">\n\t\t\t\t\t\t\t\t\t\t\t<p>A Connection \u00e9 feita por quem vive ou j\u00e1 viveu a experi\u00eancia que voc\u00ea busca. Quem vai falar com voc\u00ea, do in\u00edcio ao fim da sua experi\u00eancia, sabe exatamente o que voc\u00ea vai enfrentar, desde o frio na barriga antes do embarque at\u00e9 os perrengues e conquistas no novo pa\u00eds. <br>\r\n\r\nAl\u00e9m disso, a Connection nasceu na Austr\u00e1lia e possui mais de 15 anos de hist\u00f3ria, e desde ent\u00e3o todo nosso processo \u00e9 pensado para facilitar seu interc\u00e2mbio e tornar esse desafio a melhor experi\u00eancia da sua vida. <\/p>\n\t\t\t\t\t\t\t\t\t\t<\/div>\n\t\t\t\t\t\t\t\t\t<\/div>\n\t\t\t\t\t\t\t\t<\/li>\n\t\t\t\t\t\t\t\t\t\t\t\t\t\t\t<\/ul>\n\t\t\t\t\t\t<\/div>\n\t\t\t\t\t<\/div>\n\t\t\t\t\t\t\t\t\t<\/div>\n\t\t\t<\/div>\n\t\t<\/div>\n\t<\/section>\n\t<!-- faq-page-section end -->\n                \n    \t\t<\/div>\n\t\t\t\t<\/div>\n\t\t\t\t\t<\/div>\n\t\t<\/div>\n\t\t\t\t\t<\/div>\n\t\t<\/section>\n\t\t\t\t<\/div>\n\t\t","protected":false},"excerpt":{"rendered":"<p>1.Quais programas de Interc\u00e2mbio a Connection oferece? Programas de estudo com permiss\u00e3o para trabalhar na Austr\u00e1lia e na Irlanda. Os dois pa\u00edses permitem que voc\u00ea trabalhe enquanto estuda ingl\u00eas, e na Austr\u00e1lia voc\u00ea ainda pode fazer cursos t\u00e9cnicos. E a melhor parte: todas as etapas do seu interc\u00e2mbio s\u00e3o feitas pelo nosso time! 2.Preciso ter [&hellip;]<\/p>\n","protected":false},"author":1,"featured_media":0,"parent":0,"menu_order":0,"comment_status":"closed","ping_status":"closed","template":"tpl-default-elementor.php","meta":{"footnotes":""},"class_list":["post-340","page","type-page","status-publish","hentry"],"_links":{"self":[{"href":"https:\/\/connectionaustralia.com\/br\/wp-json\/wp\/v2\/pages\/340","targetHints":{"allow":["GET"]}}],"collection":[{"href":"https:\/\/connectionaustralia.com\/br\/wp-json\/wp\/v2\/pages"}],"about":[{"href":"https:\/\/connectionaustralia.com\/br\/wp-json\/wp\/v2\/types\/page"}],"author":[{"embeddable":true,"href":"https:\/\/connectionaustralia.com\/br\/wp-json\/wp\/v2\/users\/1"}],"replies":[{"embeddable":true,"href":"https:\/\/connectionaustralia.com\/br\/wp-json\/wp\/v2\/comments?post=340"}],"version-history":[{"count":5,"href":"https:\/\/connectionaustralia.com\/br\/wp-json\/wp\/v2\/pages\/340\/revisions"}],"predecessor-version":[{"id":2792,"href":"https:\/\/connectionaustralia.com\/br\/wp-json\/wp\/v2\/pages\/340\/revisions\/2792"}],"wp:attachment":[{"href":"https:\/\/connectionaustralia.com\/br\/wp-json\/wp\/v2\/media?parent=340"}],"curies":[{"name":"wp","href":"https:\/\/api.w.org\/{rel}","templated":true}]}}