{"id":340,"date":"2022-02-04T03:50:27","date_gmt":"2022-02-04T03:50:27","guid":{"rendered":"http:\/\/fastwpdemo.com\/newwp\/immigo\/?page_id=340"},"modified":"2025-04-14T16:36:25","modified_gmt":"2025-04-14T19:36:25","slug":"faq","status":"publish","type":"page","link":"http:\/\/connectionaustralia.com\/en\/faq\/","title":{"rendered":"FAQ"},"content":{"rendered":"\t\t<div data-elementor-type=\"wp-page\" data-elementor-id=\"340\" class=\"elementor elementor-340\" data-elementor-post-type=\"page\">\n\t\t\t\t\t\t<section class=\"elementor-section elementor-top-section elementor-element elementor-element-e942bec elementor-section-full_width elementor-section-height-default elementor-section-height-default\" data-id=\"e942bec\" data-element_type=\"section\">\n\t\t\t\t\t\t<div class=\"elementor-container elementor-column-gap-default\">\n\t\t\t\t\t<div class=\"elementor-column elementor-col-100 elementor-top-column elementor-element elementor-element-33849c7\" data-id=\"33849c7\" data-element_type=\"column\">\n\t\t\t<div class=\"elementor-widget-wrap elementor-element-populated\">\n\t\t\t\t\t\t<div class=\"elementor-element elementor-element-d9a84a0 elementor-widget elementor-widget-immigo_our_faqs_v2\" data-id=\"d9a84a0\" data-element_type=\"widget\" data-widget_type=\"immigo_our_faqs_v2.default\">\n\t\t\t\t<div class=\"elementor-widget-container\">\n\t\t\t\n\t<!-- faq-page-section -->\n\t<section class=\"faq-page-section\">\n\t\t<div class=\"auto-container\">\n\t\t\t\t\t\t<div class=\"content-box\">\n\t\t\t\t<div class=\"row clearfix\">\n\t\t\t\t\t<div class=\"col-lg-12 col-md-12 col-sm-12 content-column\">\n\t\t\t\t\t\t<div class=\"faq-content\">\n\t\t\t\t\t\t\t<ul class=\"accordion-box\">\n\t\t\t\t\t\t\t\t\t\t\t\t\t\t\t\t<li class=\"accordion block active-block\">\n\t\t\t\t\t\t\t\t\t<div class=\"acc-btn active\">\n\t\t\t\t\t\t\t\t\t\t<div class=\"icon-outer\"><i class=\"flaticon-diagonal-arrow\"><\/i><\/div>\n\t\t\t\t\t\t\t\t\t\t<h5>1. Quando devo come\u00e7ar a renovar meu visto?<\/h5>\n\t\t\t\t\t\t\t\t\t<\/div>\n\t\t\t\t\t\t\t\t\t<div class=\"acc-content current\">\n\t\t\t\t\t\t\t\t\t\t<div class=\"text\">\n\t\t\t\t\t\t\t\t\t\t\t<p>O ideal \u00e9 iniciar o processo de renova\u00e7\u00e3o com pelo menos <strong>2 a 3 meses de anteced\u00eancia<\/strong> da data de vencimento do seu visto atual. Assim, h\u00e1 tempo suficiente para escolher o curso certo com tranquilidade e estrat\u00e9gia, reunir os documentos e o nosso time fazer toda a aplica\u00e7\u00e3o, sem burocracias.<\/p>\n\t\t\t\t\t\t\t\t\t\t<\/div>\n\t\t\t\t\t\t\t\t\t<\/div>\n\t\t\t\t\t\t\t\t<\/li>\n\t\t\t\t\t\t\t\t\t\t\t\t\t\t\t\t<li class=\"accordion block \">\n\t\t\t\t\t\t\t\t\t<div class=\"acc-btn \">\n\t\t\t\t\t\t\t\t\t\t<div class=\"icon-outer\"><i class=\"flaticon-diagonal-arrow\"><\/i><\/div>\n\t\t\t\t\t\t\t\t\t\t<h5>2. Posso renovar meu visto mesmo sem ter terminado o curso atual?<\/h5>\n\t\t\t\t\t\t\t\t\t<\/div>\n\t\t\t\t\t\t\t\t\t<div class=\"acc-content \">\n\t\t\t\t\t\t\t\t\t\t<div class=\"text\">\n\t\t\t\t\t\t\t\t\t\t\t<p>Sim, em alguns casos, especialmente se voc\u00ea trancou o curso, mudou de \u00e1rea ou quer seguir estudando ap\u00f3s o t\u00e9rmino de um curso curto. Nossa equipe pode avaliar sua situa\u00e7\u00e3o e orientar a melhor estrat\u00e9gia.<\/p>\n\t\t\t\t\t\t\t\t\t\t<\/div>\n\t\t\t\t\t\t\t\t\t<\/div>\n\t\t\t\t\t\t\t\t<\/li>\n\t\t\t\t\t\t\t\t\t\t\t\t\t\t\t\t<li class=\"accordion block \">\n\t\t\t\t\t\t\t\t\t<div class=\"acc-btn \">\n\t\t\t\t\t\t\t\t\t\t<div class=\"icon-outer\"><i class=\"flaticon-diagonal-arrow\"><\/i><\/div>\n\t\t\t\t\t\t\t\t\t\t<h5>3. Quais s\u00e3o os documentos necess\u00e1rios para renovar meu visto?<\/h5>\n\t\t\t\t\t\t\t\t\t<\/div>\n\t\t\t\t\t\t\t\t\t<div class=\"acc-content \">\n\t\t\t\t\t\t\t\t\t\t<div class=\"text\">\n\t\t\t\t\t\t\t\t\t\t\t<p>\u2022\tPassaporte v\u00e1lido <br>\r\n\u2022\tCOE (Comprovante de matr\u00edcula em novo curso) <br>\r\n\u2022\tOSHC (Seguro sa\u00fade obrigat\u00f3rio) <br>\r\n\u2022\tHist\u00f3rico ou certificados anteriores (se aplic\u00e1vel) <br>\r\n\u2022\tComprova\u00e7\u00e3o financeira (em alguns casos)\r\n<\/p>\n\t\t\t\t\t\t\t\t\t\t<\/div>\n\t\t\t\t\t\t\t\t\t<\/div>\n\t\t\t\t\t\t\t\t<\/li>\n\t\t\t\t\t\t\t\t\t\t\t\t\t\t\t\t<li class=\"accordion block \">\n\t\t\t\t\t\t\t\t\t<div class=\"acc-btn \">\n\t\t\t\t\t\t\t\t\t\t<div class=\"icon-outer\"><i class=\"flaticon-diagonal-arrow\"><\/i><\/div>\n\t\t\t\t\t\t\t\t\t\t<h5>4. Quanto custa para renovar o visto de estudante?<\/h5>\n\t\t\t\t\t\t\t\t\t<\/div>\n\t\t\t\t\t\t\t\t\t<div class=\"acc-content \">\n\t\t\t\t\t\t\t\t\t\t<div class=\"text\">\n\t\t\t\t\t\t\t\t\t\t\t<p>\u2022\tCOE (Comprovante de matr\u00edcula) \u00c9 um adiantamento cobrado pela escola para garantir sua matr\u00edcula, e voc\u00ea ter o documento necess\u00e1rio para aplicar o visto. <br>\r\n\u2022\tOSHC (Seguro sa\u00fade obrigat\u00f3rio cobrindo o per\u00edodo do seu visto) <br>\r\n\u2022\tTaxa de visto (cobrada pela imigra\u00e7\u00e3o <br>\r\n\u2022\tTaxa de servi\u00e7o? Nenhuma! Nosso time n\u00e3o cobra nenhuma taxa por pelo suporte e toda aplica\u00e7\u00e3o do seu visto!<\/p>\n\t\t\t\t\t\t\t\t\t\t<\/div>\n\t\t\t\t\t\t\t\t\t<\/div>\n\t\t\t\t\t\t\t\t<\/li>\n\t\t\t\t\t\t\t\t\t\t\t\t\t\t\t\t<li class=\"accordion block \">\n\t\t\t\t\t\t\t\t\t<div class=\"acc-btn \">\n\t\t\t\t\t\t\t\t\t\t<div class=\"icon-outer\"><i class=\"flaticon-diagonal-arrow\"><\/i><\/div>\n\t\t\t\t\t\t\t\t\t\t<h5>5. Vou precisar fazer minha aplica\u00e7\u00e3o de visto?<\/h5>\n\t\t\t\t\t\t\t\t\t<\/div>\n\t\t\t\t\t\t\t\t\t<div class=\"acc-content \">\n\t\t\t\t\t\t\t\t\t\t<div class=\"text\">\n\t\t\t\t\t\t\t\t\t\t\t<p>N\u00e3o! Nosso time \u00e9, h\u00e1 mais de 15 anos, especialista na aplica\u00e7\u00e3o de visto de estudante na Austr\u00e1lia! Aluno Connection n\u00e3o se preocupa com essa etapa, e n\u00e3o paga nada a mais por isso.<\/p>\n\t\t\t\t\t\t\t\t\t\t<\/div>\n\t\t\t\t\t\t\t\t\t<\/div>\n\t\t\t\t\t\t\t\t<\/li>\n\t\t\t\t\t\t\t\t\t\t\t\t\t\t\t\t<li class=\"accordion block \">\n\t\t\t\t\t\t\t\t\t<div class=\"acc-btn \">\n\t\t\t\t\t\t\t\t\t\t<div class=\"icon-outer\"><i class=\"flaticon-diagonal-arrow\"><\/i><\/div>\n\t\t\t\t\t\t\t\t\t\t<h5>6. Quais cursos posso fazer na renova\u00e7\u00e3o?<\/h5>\n\t\t\t\t\t\t\t\t\t<\/div>\n\t\t\t\t\t\t\t\t\t<div class=\"acc-content \">\n\t\t\t\t\t\t\t\t\t\t<div class=\"text\">\n\t\t\t\t\t\t\t\t\t\t\t<p>Voc\u00ea pode escolher entre cursos t\u00e9cnicos (VET), ingl\u00eas (ELICOS), faculdade ou at\u00e9 combinar mais de um (pacote). Agende um atendimento com o nosso time e conte com o nosso suporte para a sua decis\u00e3o fazer sentido para seus objetivos e tamb\u00e9m para cumprir os requisitos da imigra\u00e7\u00e3o. <\/p>\n\t\t\t\t\t\t\t\t\t\t<\/div>\n\t\t\t\t\t\t\t\t\t<\/div>\n\t\t\t\t\t\t\t\t<\/li>\n\t\t\t\t\t\t\t\t\t\t\t\t\t\t\t\t<li class=\"accordion block \">\n\t\t\t\t\t\t\t\t\t<div class=\"acc-btn \">\n\t\t\t\t\t\t\t\t\t\t<div class=\"icon-outer\"><i class=\"flaticon-diagonal-arrow\"><\/i><\/div>\n\t\t\t\t\t\t\t\t\t\t<h5>7. E se eu quiser trazer dependentes?<\/h5>\n\t\t\t\t\t\t\t\t\t<\/div>\n\t\t\t\t\t\t\t\t\t<div class=\"acc-content \">\n\t\t\t\t\t\t\t\t\t\t<div class=\"text\">\n\t\t\t\t\t\t\t\t\t\t\t<p>Voc\u00ea pode incluir dependentes (como c\u00f4njuge e filhos) no processo de renova\u00e7\u00e3o. Cada caso tem regras espec\u00edficas, principalmente em rela\u00e7\u00e3o a tempo de estudo e comprova\u00e7\u00e3o financeira.<\/p>\n\t\t\t\t\t\t\t\t\t\t<\/div>\n\t\t\t\t\t\t\t\t\t<\/div>\n\t\t\t\t\t\t\t\t<\/li>\n\t\t\t\t\t\t\t\t\t\t\t\t\t\t\t\t<li class=\"accordion block \">\n\t\t\t\t\t\t\t\t\t<div class=\"acc-btn \">\n\t\t\t\t\t\t\t\t\t\t<div class=\"icon-outer\"><i class=\"flaticon-diagonal-arrow\"><\/i><\/div>\n\t\t\t\t\t\t\t\t\t\t<h5>8. Por que escolher o time da Connection?<\/h5>\n\t\t\t\t\t\t\t\t\t<\/div>\n\t\t\t\t\t\t\t\t\t<div class=\"acc-content \">\n\t\t\t\t\t\t\t\t\t\t<div class=\"text\">\n\t\t\t\t\t\t\t\t\t\t\t<p>Nosso time com mais de 15 anos de experi\u00eancia trabalha de forma \u00e9 formado por quem viveu a experi\u00eancia do interc\u00e2mbio e guar\u00e1 seu processo de forma transparente e profissional. Somos respons\u00e1veis por todas as etapas da sua renova\u00e7\u00e3o, desde a sua decis\u00e3o at\u00e9 o suporte no seu dia a dia.<\/p>\n\t\t\t\t\t\t\t\t\t\t<\/div>\n\t\t\t\t\t\t\t\t\t<\/div>\n\t\t\t\t\t\t\t\t<\/li>\n\t\t\t\t\t\t\t\t\t\t\t\t\t\t\t<\/ul>\n\t\t\t\t\t\t<\/div>\n\t\t\t\t\t<\/div>\n\t\t\t\t\t\t\t\t\t<\/div>\n\t\t\t<\/div>\n\t\t<\/div>\n\t<\/section>\n\t<!-- faq-page-section end -->\n                \n    \t\t<\/div>\n\t\t\t\t<\/div>\n\t\t\t\t\t<\/div>\n\t\t<\/div>\n\t\t\t\t\t<\/div>\n\t\t<\/section>\n\t\t\t\t<\/div>\n\t\t","protected":false},"excerpt":{"rendered":"<p>1.Quais programas de Interc\u00e2mbio a Connection oferece? Programas de estudo com permiss\u00e3o para trabalhar na Austr\u00e1lia e na Irlanda. Os dois pa\u00edses permitem que voc\u00ea trabalhe enquanto estuda ingl\u00eas, e na Austr\u00e1lia voc\u00ea ainda pode fazer cursos t\u00e9cnicos. E a melhor parte: todas as etapas do seu interc\u00e2mbio s\u00e3o feitas pelo nosso time! 2.Preciso ter [&hellip;]<\/p>\n","protected":false},"author":1,"featured_media":0,"parent":0,"menu_order":0,"comment_status":"closed","ping_status":"closed","template":"tpl-default-elementor.php","meta":{"footnotes":""},"class_list":["post-340","page","type-page","status-publish","hentry"],"_links":{"self":[{"href":"http:\/\/connectionaustralia.com\/en\/wp-json\/wp\/v2\/pages\/340","targetHints":{"allow":["GET"]}}],"collection":[{"href":"http:\/\/connectionaustralia.com\/en\/wp-json\/wp\/v2\/pages"}],"about":[{"href":"http:\/\/connectionaustralia.com\/en\/wp-json\/wp\/v2\/types\/page"}],"author":[{"embeddable":true,"href":"http:\/\/connectionaustralia.com\/en\/wp-json\/wp\/v2\/users\/1"}],"replies":[{"embeddable":true,"href":"http:\/\/connectionaustralia.com\/en\/wp-json\/wp\/v2\/comments?post=340"}],"version-history":[{"count":5,"href":"http:\/\/connectionaustralia.com\/en\/wp-json\/wp\/v2\/pages\/340\/revisions"}],"predecessor-version":[{"id":2792,"href":"http:\/\/connectionaustralia.com\/en\/wp-json\/wp\/v2\/pages\/340\/revisions\/2792"}],"wp:attachment":[{"href":"http:\/\/connectionaustralia.com\/en\/wp-json\/wp\/v2\/media?parent=340"}],"curies":[{"name":"wp","href":"https:\/\/api.w.org\/{rel}","templated":true}]}}