{"id":2104,"date":"2024-10-01T16:12:35","date_gmt":"2024-10-01T19:12:35","guid":{"rendered":"http:\/\/linneker.com\/connection\/?page_id=2104"},"modified":"2025-05-27T18:21:37","modified_gmt":"2025-05-27T21:21:37","slug":"orcamento","status":"publish","type":"page","link":"http:\/\/connectionaustralia.com\/en\/orcamento\/","title":{"rendered":"Or\u00e7amento"},"content":{"rendered":"\t\t<div data-elementor-type=\"wp-page\" data-elementor-id=\"2104\" class=\"elementor elementor-2104\" data-elementor-post-type=\"page\">\n\t\t\t\t\t\t<section class=\"elementor-section elementor-top-section elementor-element elementor-element-ed562eb elementor-section-full_width elementor-section-height-default elementor-section-height-default\" data-id=\"ed562eb\" data-element_type=\"section\">\n\t\t\t\t\t\t<div class=\"elementor-container elementor-column-gap-default\">\n\t\t\t\t\t<div class=\"elementor-column elementor-col-100 elementor-top-column elementor-element elementor-element-8e7e85a\" data-id=\"8e7e85a\" data-element_type=\"column\">\n\t\t\t<div class=\"elementor-widget-wrap elementor-element-populated\">\n\t\t\t\t\t\t<div class=\"elementor-element elementor-element-76a8522 elementor-widget elementor-widget-immigo_eligible_form\" data-id=\"76a8522\" data-element_type=\"widget\" data-widget_type=\"immigo_eligible_form.default\">\n\t\t\t\t<div class=\"elementor-widget-container\">\n\t\t\t\t\t\n\t<!-- contact-section end -->\n\t<section class=\"contact-section bg-color-1\">\n\t\t<div class=\"pattern-layer\"  style=\"background-image: url(http:\/\/connectionaustralia.com\/en\/wp-content\/uploads\/2022\/02\/shape-8.png);\"><\/div>\n\t\t\t\t        <div class=\"auto-container\">\n\t\t\t<div class=\"row clearfix\">\n\t\t\t\t<div class=\"col-xl-12 col-lg-12 content-column\">\n\t\t\t\t\t<div class=\"content-box\">\n\t\t\t\t\t\t\t\t\t\t\t\t<div class=\"sec-title\">\n\t\t\t\t\t\t\t<h6>Fa\u00e7a seu Or\u00e7amento<\/h6>\t\t\t\t\t\t\t<h2>Alcance seu objetivo<\/h2>\t\t\t\t\t\t\t<p>Por favor, preencha o formul\u00e1rio com seus dados, que nossa equipe ter\u00e1 o prazer de lhe retornar com todas as informa\u00e7\u00f5es poss\u00edveis, para lhe ajudar com seu objetivo. Em um prazo de no m\u00e1ximo 48 horas, estaremos retornando.<\/p>\t\t\t\t\t\t<\/div>\n\t\t\t\t\t\t\t\t\t\t\t\t\t\t\t\t\t\t<div class=\"form-inner\">\n\t\t\t\t\t\t\t\n<div class=\"wpcf7 no-js\" id=\"wpcf7-f2100-o1\" lang=\"en-US\" dir=\"ltr\" data-wpcf7-id=\"2100\">\n<div class=\"screen-reader-response\"><p role=\"status\" aria-live=\"polite\" aria-atomic=\"true\"><\/p> <ul><\/ul><\/div>\n<form action=\"\/en\/wp-json\/wp\/v2\/pages\/2104#wpcf7-f2100-o1\" method=\"post\" class=\"wpcf7-form init\" aria-label=\"Contact form\" novalidate=\"novalidate\" data-status=\"init\">\n<fieldset class=\"hidden-fields-container\"><input type=\"hidden\" name=\"_wpcf7\" value=\"2100\" \/><input type=\"hidden\" name=\"_wpcf7_version\" value=\"6.1\" \/><input type=\"hidden\" name=\"_wpcf7_locale\" value=\"en_US\" \/><input type=\"hidden\" name=\"_wpcf7_unit_tag\" value=\"wpcf7-f2100-o1\" \/><input type=\"hidden\" name=\"_wpcf7_container_post\" value=\"0\" \/><input type=\"hidden\" name=\"_wpcf7_posted_data_hash\" value=\"\" \/>\n<\/fieldset>\n<div class=\"row clearfix\">\n\t<div class=\"col-lg-12 col-md-12 col-sm-12 form-group\">\n\t\t<p><label>Nome:<\/label><br \/>\n<span class=\"wpcf7-form-control-wrap\" data-name=\"text-691\"><input size=\"40\" maxlength=\"400\" class=\"wpcf7-form-control wpcf7-text wpcf7-validates-as-required\" aria-required=\"true\" aria-invalid=\"false\" placeholder=\"Seu Nome\" value=\"\" type=\"text\" name=\"text-691\" \/><\/span>\n\t\t<\/p>\n\t<\/div>\n\t<div class=\"col-lg-6 col-md-6 col-sm-12 form-group\">\n\t\t<p><label>E-mail:<\/label><br \/>\n<span class=\"wpcf7-form-control-wrap\" data-name=\"email-332\"><input size=\"40\" maxlength=\"400\" class=\"wpcf7-form-control wpcf7-email wpcf7-validates-as-required wpcf7-text wpcf7-validates-as-email\" aria-required=\"true\" aria-invalid=\"false\" placeholder=\"E-mail\" value=\"\" type=\"email\" name=\"email-332\" \/><\/span>\n\t\t<\/p>\n\t<\/div>\n\t<div class=\"col-lg-6 col-md-6 col-sm-12 form-group\">\n\t\t<p><label>WhatsApp:<\/label><br \/>\n<span class=\"wpcf7-form-control-wrap\" data-name=\"telefone\"><input size=\"40\" maxlength=\"400\" class=\"wpcf7-form-control wpcf7-text wpcf7-validates-as-required\" aria-required=\"true\" aria-invalid=\"false\" placeholder=\"(00) 00000-0000\" value=\"\" type=\"text\" name=\"telefone\" \/><\/span>\n\t\t<\/p>\n\t<\/div>\n\t<div class=\"col-lg-6 col-md-6 col-sm-12 form-group\">\n\t\t<p><label>Qual destino desejado:<\/label><br \/>\n<span class=\"wpcf7-form-control-wrap\" data-name=\"destino\"><select class=\"wpcf7-form-control wpcf7-select wpcf7-validates-as-required wide\" aria-required=\"true\" aria-invalid=\"false\" name=\"destino\"><option value=\"Irlanda\">Irlanda<\/option><option value=\"Austr\u00e1lia\">Austr\u00e1lia<\/option><option value=\"Estou em D\u00favida\">Estou em D\u00favida<\/option><\/select><\/span>\n\t\t<\/p>\n\t<\/div>\n\t<div class=\"col-lg-6 col-md-6 col-sm-12 form-group\">\n\t\t<p><label>Voc\u00ea pretende viajar:<\/label><br \/>\n<span class=\"wpcf7-form-control-wrap\" data-name=\"pretende\"><select class=\"wpcf7-form-control wpcf7-select wpcf7-validates-as-required\" aria-required=\"true\" aria-invalid=\"false\" name=\"pretende\"><option value=\"Sozinho\">Sozinho<\/option><option value=\"Em casal - uni\u00e3o est\u00e1vel\">Em casal - uni\u00e3o est\u00e1vel<\/option><option value=\"Em casal - casamento\">Em casal - casamento<\/option><option value=\"Fam\u00edlia - 1 filho\">Fam\u00edlia - 1 filho<\/option><option value=\"Fam\u00edlia - 2 filhos\">Fam\u00edlia - 2 filhos<\/option><\/select><\/span>\n\t\t<\/p>\n\t<\/div>\n\t<div class=\"col-lg-6 col-md-6 col-sm-12 form-group\">\n\t\t<p><label>Quando pretende viajar:<\/label><br \/>\n<span class=\"wpcf7-form-control-wrap\" data-name=\"quando\"><select class=\"wpcf7-form-control wpcf7-select wpcf7-validates-as-required\" aria-required=\"true\" aria-invalid=\"false\" name=\"quando\"><option value=\"o quanto antes\">o quanto antes<\/option><option value=\"daqui 6 meses\">daqui 6 meses<\/option><option value=\"daqui 1 ano\">daqui 1 ano<\/option><option value=\"daqui 1 ano e meio ou mais\">daqui 1 ano e meio ou mais<\/option><\/select><\/span>\n\t\t<\/p>\n\t<\/div>\n\t<div class=\"col-lg-6 col-md-6 col-sm-12 form-group\">\n\t\t<p><label>Grau de escolaridade:<\/label><br \/>\n<span class=\"wpcf7-form-control-wrap\" data-name=\"escolaridade\"><select class=\"wpcf7-form-control wpcf7-select wpcf7-validates-as-required\" aria-required=\"true\" aria-invalid=\"false\" name=\"escolaridade\"><option value=\"Ensino M\u00e9dio\">Ensino M\u00e9dio<\/option><option value=\"T\u00e9cnico\">T\u00e9cnico<\/option><option value=\"Tecn\u00f3logo\">Tecn\u00f3logo<\/option><option value=\"Bacharel\">Bacharel<\/option><option value=\"P\u00f3s-gradua\u00e7\u00e3o\">P\u00f3s-gradua\u00e7\u00e3o<\/option><option value=\"Mestrado\">Mestrado<\/option><option value=\"Doutorado\">Doutorado<\/option><\/select><\/span>\n\t\t<\/p>\n\t<\/div>\n\t<div class=\"col-lg-12 col-md-12 col-sm-12 form-group\">\n\t\t<p><span class=\"wpcf7-form-control-wrap\" data-name=\"textarea-392\"><textarea cols=\"40\" rows=\"10\" maxlength=\"2000\" class=\"wpcf7-form-control wpcf7-textarea wpcf7-validates-as-required\" aria-required=\"true\" aria-invalid=\"false\" placeholder=\"Conte sobre o destino que voc\u00ea busca e sobre seus objetivos acad\u00eamicos e profissionais com o interc\u00e2mbio.\" name=\"textarea-392\"><\/textarea><\/span>\n\t\t<\/p>\n\t<\/div>\n\t<div class=\"col-lg-12 col-md-12 col-sm-12 form-group message-btn\">\n\t\t<p><button class=\"theme-btn btn-two\" type=\"submit\" name=\"submit-form\">Enviar<i class=\"flaticon-next\"><\/i><\/button>\n\t\t<\/p>\n\t<\/div>\n<\/div><div class=\"wpcf7-response-output\" aria-hidden=\"true\"><\/div>\n<\/form>\n<\/div>\n\t\t\t\t\t\t<\/div>\n\t\t\t\t\t\t\t\t\t\t\t<\/div>\n\t\t\t\t<\/div>\n\t\t\t<\/div>\n\t\t<\/div>\n\t<\/section>\n\t<!-- contact-section end -->\n                \n    \t\t<\/div>\n\t\t\t\t<\/div>\n\t\t\t\t\t<\/div>\n\t\t<\/div>\n\t\t\t\t\t<\/div>\n\t\t<\/section>\n\t\t\t\t<\/div>\n\t\t","protected":false},"excerpt":{"rendered":"<p>Fa\u00e7a seu Or\u00e7amento Alcance seu objetivo Por favor, preencha o formul\u00e1rio com seus dados, que nossa equipe ter\u00e1 o prazer de lhe retornar com todas as informa\u00e7\u00f5es poss\u00edveis, para lhe ajudar com seu objetivo. Em um prazo de no m\u00e1ximo 48 horas, estaremos retornando. Nome: E-mail: WhatsApp: Qual destino desejado: IrlandaAustr\u00e1liaEstou em D\u00favida Voc\u00ea pretende [&hellip;]<\/p>\n","protected":false},"author":1,"featured_media":0,"parent":0,"menu_order":0,"comment_status":"closed","ping_status":"closed","template":"tpl-default-elementor.php","meta":{"footnotes":""},"class_list":["post-2104","page","type-page","status-publish","hentry"],"_links":{"self":[{"href":"http:\/\/connectionaustralia.com\/en\/wp-json\/wp\/v2\/pages\/2104","targetHints":{"allow":["GET"]}}],"collection":[{"href":"http:\/\/connectionaustralia.com\/en\/wp-json\/wp\/v2\/pages"}],"about":[{"href":"http:\/\/connectionaustralia.com\/en\/wp-json\/wp\/v2\/types\/page"}],"author":[{"embeddable":true,"href":"http:\/\/connectionaustralia.com\/en\/wp-json\/wp\/v2\/users\/1"}],"replies":[{"embeddable":true,"href":"http:\/\/connectionaustralia.com\/en\/wp-json\/wp\/v2\/comments?post=2104"}],"version-history":[{"count":16,"href":"http:\/\/connectionaustralia.com\/en\/wp-json\/wp\/v2\/pages\/2104\/revisions"}],"predecessor-version":[{"id":2734,"href":"http:\/\/connectionaustralia.com\/en\/wp-json\/wp\/v2\/pages\/2104\/revisions\/2734"}],"wp:attachment":[{"href":"http:\/\/connectionaustralia.com\/en\/wp-json\/wp\/v2\/media?parent=2104"}],"curies":[{"name":"wp","href":"https:\/\/api.w.org\/{rel}","templated":true}]}}